{"id":14210,"date":"2024-06-12T18:28:40","date_gmt":"2024-06-12T16:28:40","guid":{"rendered":"https:\/\/porcel.legal\/politica-de-privacidad\/"},"modified":"2024-07-05T10:41:31","modified_gmt":"2024-07-05T08:41:31","slug":"politica-de-privacidad","status":"publish","type":"page","link":"https:\/\/porcel.legal\/fr\/politica-de-privacidad\/","title":{"rendered":"Pol\u00edtica de Privacidad"},"content":{"rendered":"\t\t<div data-elementor-type=\"wp-page\" data-elementor-id=\"14210\" class=\"elementor elementor-14210 elementor-13733\" data-elementor-post-type=\"page\">\n\t\t\t\t<div class=\"elementor-element elementor-element-f84e484 e-flex e-con-boxed e-con e-parent\" data-id=\"f84e484\" data-element_type=\"container\" data-e-type=\"container\" data-settings=\"{&quot;background_background&quot;:&quot;classic&quot;}\">\n\t\t\t\t\t<div class=\"e-con-inner\">\n\t\t\t\t<div class=\"elementor-element elementor-element-3652ee3 elementor-widget elementor-widget-text-editor\" data-id=\"3652ee3\" data-element_type=\"widget\" data-e-type=\"widget\" data-widget_type=\"text-editor.default\">\n\t\t\t\t<div class=\"elementor-widget-container\">\n\t\t\t\t\t\t\t\t\t<h2>Pol\u00edtica de Privacidad<\/h2><ol><li><strong> DATOS DE CONTACTO<\/strong><\/li><\/ol><p>Responsable: PORCEL ADVOCATS, S.L.P. \u2013 NIF: B72841323 &#8211; Tel\u00e9fono de contacto: 972963413<\/p><p>Correo electr\u00f3nico: lopd@porcel.legal &#8211; Direcci\u00f3n postal: Hortal de&rsquo;n Pou 56-58 Esc C Baixos, Palafrugell, 17200, Girona<\/p><ol start=\"2\"><li><strong> T\u00c9RMINOS DE USO<\/strong><\/li><\/ol><p>El usuario se compromete a hacer un uso adecuado y l\u00edcito del Sitio Web y de sus contenidos, de conformidad con la legislaci\u00f3n aplicable, los presentes T\u00e9rminos de Uso, la Pol\u00edtica de Privacidad, las buenas costumbres generalmente aceptadas y el orden p\u00fablico.<\/p><p>Este sitio Web contiene materiales preparados por PORCEL ADVOCATS, S.L.P. (en adelante el Despacho) con fines \u00fanicamente informativos por lo que tales materiales podr\u00edan no reflejar el estado legislativo o jurisprudencial m\u00e1s reciente sobre las cuestiones analizadas y no deben ser considerados, bajo ning\u00fan concepto, como sustitutivos de asesoramiento legal o de otra naturaleza. El acceso a estos materiales no establece ni implica relaci\u00f3n alguna entre abogado y cliente, ni cualquier otro tipo de relaci\u00f3n de confianza o profesional entre el Despacho y el usuario de este sitio Web. Por ello, el usuario no debe actuar sobre la base de la informaci\u00f3n contenida en la misma sin recurrir previamente al correspondiente asesoramiento profesional. Asimismo, el usuario no debe enviar al\u00a0Abogado\/Despacho ning\u00fan tipo de informaci\u00f3n confidencial sin haberlo consultado previamente con alguno de nuestros abogados y haber recibido de los mismos autorizaci\u00f3n para remitir dicha informaci\u00f3n.<\/p><p>Del mismo modo, estos materiales pueden ser modificados, desarrollados o actualizados sin notificaci\u00f3n previa.<\/p><ol start=\"3\"><li><strong> POL\u00cdTICA DE PROTECCI\u00d3N DE DATOS<\/strong><\/li><\/ol><p>Algunos de los servicios incluidos en este sitio Web exigen la recogida de datos personales que se consideran imprescindibles para la prestaci\u00f3n de los mismos por el Despacho. Durante el proceso de recogida de los datos, el usuario ser\u00e1 informado del car\u00e1cter necesario de los mismos. Si no se facilitan estos datos obligatorios, no ser\u00e1 posible la prestaci\u00f3n de tales servicios.<\/p><p>La informaci\u00f3n que recibe el Despacho de los usuarios de este sitio Web, a trav\u00e9s de los diferentes formularios (consultas, contacto o contrataci\u00f3n de servicios) es objeto de tratamiento automatizado y se incorporan a los registros de actividad de su titularidad, siendo responsable de dichos tratamientos PORCEL ADVOCATS, S.L.P., con domicilio social en Hortal de&rsquo;n Pou 56-58 Esc C Baixos, Palafrugell, 17200, Girona, tel\u00e9fono 972963413, y CIF: B72841323.<\/p><p>El\u00a0Despacho tratar\u00e1 los datos de forma confidencial y exclusivamente con el objetivo de gestionar la relaci\u00f3n con sus clientes, socios, franquiciados y promocionar las actividades de la Firma.<\/p><p>El env\u00edo de correos electr\u00f3nicos o la cumplimentaci\u00f3n de formularios incluidos en el presente sitio Web implica el consentimiento expreso a la inclusi\u00f3n de sus datos de car\u00e1cter personal en los tratamientos referidos anteriormente y, si as\u00ed lo autorizase expresamente, su consentimiento a que sus datos sean utilizados para el env\u00edo de comunicaciones comerciales, newsletters, etc, \u00a0por correo electr\u00f3nico o por cualquier otro medio. Estos consentimientos se solicitar\u00e1n, expl\u00edcitamente, mediante la habilitaci\u00f3n de los checkbox correspondientes antes de que pueda enviar los datos en cada formulario.<\/p><p>En relaci\u00f3n con los datos recabados en la forma prevista en los apartados anteriores, el usuario podr\u00e1 ejercitar los derechos reconocidos por la ley y, en particular, los derechos de acceso, rectificaci\u00f3n o cancelaci\u00f3n de datos, portabilidad, limitaci\u00f3n, bloqueo y oposici\u00f3n, si resultase pertinente, as\u00ed como el derecho de revocar el consentimiento prestado para la cesi\u00f3n de sus datos en cualquier momento. Tales derechos podr\u00e1n ser ejercitados por el usuario o, en su caso, por quien lo represente, mediante solicitud escrita y firmada, dirigida a la siguiente direcci\u00f3n: Hortal de&rsquo;n Pou 56-58 Esc C Baixos, Palafrugell, 17200, Girona o bien mediante correo electr\u00f3nico a la cuenta: lopd@porcel.legal<\/p><p>La solicitud referida anteriormente deber\u00e1 contener los siguientes datos:<\/p><ul><li>nombre y apellidos del usuario<\/li><li>domicilio a efectos de notificaciones<\/li><li>fotocopia del Documento Nacional de Identidad o pasaporte<\/li><li>contenido concreto del derecho ejercitado<\/li><\/ul><p>El Despacho guardar\u00e1 los datos de car\u00e1cter personal que haya recabado durante los plazos necesarios para el cumplimiento de la relaci\u00f3n contractual o durante los plazos legalmente obligatorios, y adoptar\u00e1 las medidas necesarias para evitar su alteraci\u00f3n, p\u00e9rdida, tratamiento o acceso no autorizados. El\u00a0Despacho cumplir\u00e1 estos deberes de acuerdo con lo establecido por la normativa aplicable. No se contempla la realizaci\u00f3n de transferencias internacionales de datos a terceros pa\u00edses, ni la existencia de decisiones automatizadas o elaboraci\u00f3n de perfiles, ni tampoco la cesi\u00f3n de sus datos a terceros m\u00e1s all\u00e1 de las cesiones obligadas por la legislaci\u00f3n vigente.<\/p><p><strong>Uso de cookies. <\/strong>Esta web utiliza cookies en los t\u00e9rminos establecidos en nuestra pol\u00edtica de cookies.<\/p><p>Todos los datos facilitados, con independencia de su car\u00e1cter, est\u00e1n protegidos por el deber de confidencialidad del abogado.<\/p><ol start=\"4\"><li><strong> LIMITACI\u00d3N DE LA RESPONSABILIDAD<\/strong><\/li><\/ol><p>El\u00a0Despacho no se responsabiliza de los posibles errores u omisiones que pudieran existir en los contenidos de este sitio. A su vez, estos contenidos pueden ser modificados, desarrollados o actualizados sin notificaci\u00f3n previa.<\/p><p>Este Sitio Web puede contener v\u00ednculos a otras p\u00e1ginas de Internet y lo hace en la creencia de buena fe de que tales contenidos cumplen con la ley. Esto no significa que el Abogado\/Despacho apruebe o recomiende los contenidos de los mismos. Si el usuario accede a ellos, lo hace bajo su responsabilidad. El\u00a0 Despacho no asume garant\u00edas sobre la veracidad, exactitud o actualizaci\u00f3n de los contenidos, servicios, textos, gr\u00e1ficos y v\u00ednculos de tales sitios.<\/p><p>El\u00a0Despacho tampoco se hace responsable de los da\u00f1os inform\u00e1ticos o de otro tipo que pudiera ocasionar al visitante el acceso a los contenidos de este sitio. Por ello no garantiza la ausencia de virus u otros elementos lesivos que pudieran causar da\u00f1os o alteraciones en el sistema inform\u00e1tico o en los correos electr\u00f3nicos.<\/p><p>La violaci\u00f3n de la seguridad del sistema o red puede conllevar responsabilidades civiles o penales. El\u00a0Despacho se reserva el derecho a investigar las posibles violaciones de seguridad a este Sitio Web o, a instancia de las autoridades competentes, podr\u00e1 contribuir en la investigaci\u00f3n de posibles violaciones.<\/p><p>El\u00a0Despacho no se responsabiliza de los da\u00f1os que pueda ocasionar un supuesto cese o imposibilidad de uso de este Sitio Web y sus contenidos, p\u00e9rdida de datos o interrupci\u00f3n del negocio, independientemente de haber sido o no advertidos sobre dicha posibilidad.<\/p><p>La prestaci\u00f3n del servicio del Sitio Web y los T\u00e9rminos de Uso se rigen por la legislaci\u00f3n espa\u00f1ola. Las partes, en cuanto lo permita la Ley, renuncian expresamente a cualquier otro fuero que pudiera corresponderles, acordando someterse a la jurisdicci\u00f3n de los Juzgados y Tribunales de la ciudad de Girona, Espa\u00f1a. <\/p>\t\t\t\t\t\t\t\t<\/div>\n\t\t\t\t<\/div>\n\t\t\t\t\t<\/div>\n\t\t\t\t<\/div>\n\t\t\t\t<\/div>\n\t\t","protected":false},"excerpt":{"rendered":"<p>Pol\u00edtica de Privacidad DATOS DE CONTACTO Responsable: PORCEL ADVOCATS, S.L.P. \u2013 NIF: B72841323 &#8211; Tel\u00e9fono de contacto: 972963413 Correo electr\u00f3nico: lopd@porcel.legal &#8211; Direcci\u00f3n postal: Hortal de&rsquo;n Pou 56-58 Esc C Baixos, Palafrugell, 17200, Girona T\u00c9RMINOS DE USO El usuario se compromete a hacer un uso adecuado y l\u00edcito del Sitio Web y de sus contenidos, &#8230; <a title=\"Pol\u00edtica de Privacidad\" class=\"read-more\" href=\"https:\/\/porcel.legal\/fr\/politica-de-privacidad\/\" aria-label=\"En savoir plus sur Pol\u00edtica de Privacidad\">Lire la suite<\/a><\/p>\n","protected":false},"author":1,"featured_media":0,"parent":0,"menu_order":0,"comment_status":"closed","ping_status":"closed","template":"","meta":{"inline_featured_image":false,"footnotes":""},"class_list":["post-14210","page","type-page","status-publish"],"_links":{"self":[{"href":"https:\/\/porcel.legal\/fr\/wp-json\/wp\/v2\/pages\/14210","targetHints":{"allow":["GET"]}}],"collection":[{"href":"https:\/\/porcel.legal\/fr\/wp-json\/wp\/v2\/pages"}],"about":[{"href":"https:\/\/porcel.legal\/fr\/wp-json\/wp\/v2\/types\/page"}],"author":[{"embeddable":true,"href":"https:\/\/porcel.legal\/fr\/wp-json\/wp\/v2\/users\/1"}],"replies":[{"embeddable":true,"href":"https:\/\/porcel.legal\/fr\/wp-json\/wp\/v2\/comments?post=14210"}],"version-history":[{"count":1,"href":"https:\/\/porcel.legal\/fr\/wp-json\/wp\/v2\/pages\/14210\/revisions"}],"predecessor-version":[{"id":14621,"href":"https:\/\/porcel.legal\/fr\/wp-json\/wp\/v2\/pages\/14210\/revisions\/14621"}],"wp:attachment":[{"href":"https:\/\/porcel.legal\/fr\/wp-json\/wp\/v2\/media?parent=14210"}],"curies":[{"name":"wp","href":"https:\/\/api.w.org\/{rel}","templated":true}]}}