{"id":13877,"date":"2024-06-10T11:14:49","date_gmt":"2024-06-10T09:14:49","guid":{"rendered":"https:\/\/www.porcel.legal\/jaume-llopis\/"},"modified":"2024-07-04T13:28:04","modified_gmt":"2024-07-04T11:28:04","slug":"jaume-llopis","status":"publish","type":"page","link":"https:\/\/porcel.legal\/fr\/jaume-llopis\/","title":{"rendered":"Jaume Llopis"},"content":{"rendered":"\t\t<div data-elementor-type=\"wp-page\" data-elementor-id=\"13877\" class=\"elementor elementor-13877 elementor-752\" data-elementor-post-type=\"page\">\n\t\t\t\t<div class=\"elementor-element elementor-element-b7df197 e-flex e-con-boxed e-con e-parent\" data-id=\"b7df197\" data-element_type=\"container\" data-e-type=\"container\">\n\t\t\t\t\t<div class=\"e-con-inner\">\n\t\t<div class=\"elementor-element elementor-element-c97464f e-con-full e-flex e-con e-child\" data-id=\"c97464f\" data-element_type=\"container\" data-e-type=\"container\">\n\t\t\t\t<div class=\"elementor-element elementor-element-114bcd3 elementor-widget elementor-widget-image\" data-id=\"114bcd3\" data-element_type=\"widget\" data-e-type=\"widget\" data-settings=\"{&quot;sticky&quot;:&quot;top&quot;,&quot;sticky_on&quot;:[&quot;tablet&quot;],&quot;sticky_offset_tablet&quot;:30,&quot;sticky_parent&quot;:&quot;yes&quot;,&quot;sticky_offset&quot;:0,&quot;sticky_effects_offset&quot;:0,&quot;sticky_anchor_link_offset&quot;:0}\" data-widget_type=\"image.default\">\n\t\t\t\t<div class=\"elementor-widget-container\">\n\t\t\t\t\t\t\t\t\t\t\t\t\t\t\t<img fetchpriority=\"high\" decoding=\"async\" width=\"413\" height=\"575\" src=\"https:\/\/porcel.legal\/wp-content\/uploads\/2024\/06\/jaume-llopis-abogado.jpg\" class=\"attachment-large size-large wp-image-668\" alt=\"\" srcset=\"https:\/\/porcel.legal\/wp-content\/uploads\/2024\/06\/jaume-llopis-abogado.jpg 413w, https:\/\/porcel.legal\/wp-content\/uploads\/2024\/06\/jaume-llopis-abogado-215x300.jpg 215w\" sizes=\"(max-width: 413px) 100vw, 413px\">\t\t\t\t\t\t\t\t\t\t\t\t\t\t\t<\/div>\n\t\t\t\t<\/div>\n\t\t\t\t<\/div>\n\t\t<div class=\"elementor-element elementor-element-f1741ed e-con-full e-flex e-con e-child\" data-id=\"f1741ed\" data-element_type=\"container\" data-e-type=\"container\">\n\t\t\t\t<div class=\"elementor-element elementor-element-7227ec8 elementor-widget elementor-widget-heading\" data-id=\"7227ec8\" data-element_type=\"widget\" data-e-type=\"widget\" data-widget_type=\"heading.default\">\n\t\t\t\t<div class=\"elementor-widget-container\">\n\t\t\t\t\t<div class=\"elementor-heading-title elementor-size-default\">AVOCAT ET M\u00c9DIATEUR<\/div>\t\t\t\t<\/div>\n\t\t\t\t<\/div>\n\t\t\t\t<div class=\"elementor-element elementor-element-e6da92c elementor-widget elementor-widget-heading\" data-id=\"e6da92c\" data-element_type=\"widget\" data-e-type=\"widget\" data-widget_type=\"heading.default\">\n\t\t\t\t<div class=\"elementor-widget-container\">\n\t\t\t\t\t<div class=\"elementor-heading-title elementor-size-default\">Jaume Llopis<\/div>\t\t\t\t<\/div>\n\t\t\t\t<\/div>\n\t\t\t\t<div class=\"elementor-element elementor-element-a7f98d1 elementor-widget__width-inherit elementor-widget elementor-widget-text-editor\" data-id=\"a7f98d1\" data-element_type=\"widget\" data-e-type=\"widget\" data-widget_type=\"text-editor.default\">\n\t\t\t\t<div class=\"elementor-widget-container\">\n\t\t\t\t\t\t\t\t\t<p>N\u00e9 \u00e0 Barcelone le 8 janvier 1952. Il a effectu\u00e9 ses \u00e9tudes universitaires \u00e0 l&rsquo;\u00e9cole de commerce ESADE de Barcelone et a suivi au fil des ann\u00e9es de nombreuses formations de sp\u00e9cialisation dans les domaines de la finance et de la haute direction.<\/p>\n<p>Il poss\u00e8de une longue et vaste exp\u00e9rience professionnelle dans le domaine des affaires, occupant des postes de direction, notamment dans l&rsquo;industrie papeti\u00e8re. Ces derni\u00e8res ann\u00e9es, il a \u00e9t\u00e9 PDG de la division europ\u00e9enne du groupe papetier am\u00e9ricain The Newark Group Inc., qu&rsquo;il a quitt\u00e9 lorsque cette division a \u00e9t\u00e9 vendue \u00e0 un fonds d&rsquo;investissement.<\/p>\n<p>Il est titulaire d&rsquo;une licence en droit et d&rsquo;une ma\u00eetrise en pratique du droit de l&rsquo;Universit\u00e9 Ouverte de Catalogne (U.O.C.). Il est avocat en exercice principalement dans les domaines civil et commercial, membre de l&rsquo;Illustre Barreau de G\u00e9rone (ICAG 3771), et a suivi des s\u00e9minaires de sp\u00e9cialisation en mati\u00e8re civile et commerciale et un cours de sp\u00e9cialisation en violence de genre. Il est \u00e9galement m\u00e9diateur pour la CICAC.<\/p>\n<p>En plus de ses langues maternelles (catalan et espagnol), il parle fran\u00e7ais, anglais et italien.<\/p>\n\t\t\t\t\t\t\t\t<\/div>\n\t\t\t\t<\/div>\n\t\t\t\t<\/div>\n\t\t\t\t\t<\/div>\n\t\t\t\t<\/div>\n\t\t<div class=\"elementor-element elementor-element-0290919 e-con-full e-flex e-con e-parent\" data-id=\"0290919\" data-element_type=\"container\" data-e-type=\"container\">\n\t\t\t\t<div class=\"elementor-element elementor-element-7877ea8 elementor-widget elementor-widget-shortcode\" data-id=\"7877ea8\" data-element_type=\"widget\" data-e-type=\"widget\" data-widget_type=\"shortcode.default\">\n\t\t\t\t<div class=\"elementor-widget-container\">\n\t\t\t\t\t\t\t<div class=\"elementor-shortcode\">\t\t<div data-elementor-type=\"section\" data-elementor-id=\"13839\" class=\"elementor elementor-13839 elementor-251 elementor-251\" data-elementor-post-type=\"elementor_library\">\n\t\t\t<div class=\"elementor-element elementor-element-0439a43 e-con-full e-flex e-con e-parent\" data-id=\"0439a43\" data-element_type=\"container\" data-e-type=\"container\" id=\"contacto\" data-settings=\"{&quot;background_background&quot;:&quot;classic&quot;}\">\n\t\t<div class=\"elementor-element elementor-element-9ae7267 e-con-full e-flex e-con e-child\" data-id=\"9ae7267\" data-element_type=\"container\" data-e-type=\"container\" data-settings=\"{&quot;background_background&quot;:&quot;classic&quot;}\">\n\t\t<div class=\"elementor-element elementor-element-7b6d35c e-con-full form-col e-flex e-con e-child\" data-id=\"7b6d35c\" data-element_type=\"container\" data-e-type=\"container\">\n\t\t\t\t<div class=\"elementor-element elementor-element-5e851d5 elementor-widget__width-inherit elementor-widget elementor-widget-heading\" data-id=\"5e851d5\" data-element_type=\"widget\" data-e-type=\"widget\" data-widget_type=\"heading.default\">\n\t\t\t\t<div class=\"elementor-widget-container\">\n\t\t\t\t\t<span class=\"elementor-heading-title elementor-size-default\">DEMANDEZ-NOUS VOTRE RENDEZ-VOUS OU RENDEZ-VOUS VID\u00c9O<\/span>\t\t\t\t<\/div>\n\t\t\t\t<\/div>\n\t\t\t\t<div class=\"elementor-element elementor-element-bfa53ab elementor-widget elementor-widget-heading\" data-id=\"bfa53ab\" data-element_type=\"widget\" data-e-type=\"widget\" data-widget_type=\"heading.default\">\n\t\t\t\t<div class=\"elementor-widget-container\">\n\t\t\t\t\t<div class=\"elementor-heading-title elementor-size-default\">Envoyez-nous votre demande<\/div>\t\t\t\t<\/div>\n\t\t\t\t<\/div>\n\t\t\t\t<div class=\"elementor-element elementor-element-e745244 elementor-widget elementor-widget-text-editor\" data-id=\"e745244\" data-element_type=\"widget\" data-e-type=\"widget\" data-widget_type=\"text-editor.default\">\n\t\t\t\t<div class=\"elementor-widget-container\">\n\t\t\t\t\t\t\t\t\tSi vous avez des questions, avez besoin de conseils juridiques ou souhaitez plus d&rsquo;informations sur nos services, n&rsquo;h\u00e9sitez pas \u00e0 nous contacter.\t\t\t\t\t\t\t\t<\/div>\n\t\t\t\t<\/div>\n\t\t\t\t<div class=\"elementor-element elementor-element-46b62a3 elementor-widget elementor-widget-shortcode\" data-id=\"46b62a3\" data-element_type=\"widget\" data-e-type=\"widget\" data-widget_type=\"shortcode.default\">\n\t\t\t\t<div class=\"elementor-widget-container\">\n\t\t\t\t\t\t\t<div class=\"elementor-shortcode\">\n<div class=\"wpcf7 no-js\" id=\"wpcf7-f13903-o1\" lang=\"fr-FR\" dir=\"ltr\" data-wpcf7-id=\"13903\">\n<div class=\"screen-reader-response\"><p role=\"status\" aria-live=\"polite\" aria-atomic=\"true\"><\/p> <ul><\/ul><\/div>\n<form action=\"\/fr\/wp-json\/wp\/v2\/pages\/13877#wpcf7-f13903-o1\" method=\"post\" class=\"wpcf7-form init\" aria-label=\"Formulaire de contact\" novalidate=\"novalidate\" data-status=\"init\">\n<fieldset class=\"hidden-fields-container\"><input type=\"hidden\" name=\"_wpcf7\" value=\"13903\" \/><input type=\"hidden\" name=\"_wpcf7_version\" value=\"6.1.5\" \/><input type=\"hidden\" name=\"_wpcf7_locale\" value=\"fr_FR\" \/><input type=\"hidden\" name=\"_wpcf7_unit_tag\" value=\"wpcf7-f13903-o1\" \/><input type=\"hidden\" name=\"_wpcf7_container_post\" value=\"0\" \/><input type=\"hidden\" name=\"_wpcf7_posted_data_hash\" value=\"\" \/>\n<\/fieldset>\n<div class=\"flex_\">\n<label> <span class=\"wpcf7-form-control-wrap\" data-name=\"Nombre\"><input size=\"40\" maxlength=\"400\" class=\"wpcf7-form-control wpcf7-text wpcf7-validates-as-required\" autocomplete=\"name\" aria-required=\"true\" aria-invalid=\"false\" placeholder=\"Nom\" value=\"\" type=\"text\" name=\"Nombre\" \/><\/span> <\/label>\n\n<label> <span class=\"wpcf7-form-control-wrap\" data-name=\"Telefono\"><input size=\"40\" maxlength=\"400\" class=\"wpcf7-form-control wpcf7-tel wpcf7-validates-as-required wpcf7-text wpcf7-validates-as-tel\" autocomplete=\"phone\" aria-required=\"true\" aria-invalid=\"false\" placeholder=\"Tel\u00e8fon\" value=\"\" type=\"tel\" name=\"Telefono\" \/><\/span> <\/label>\n<\/div>\n<div class=\"flex_\">\n<label> <span class=\"wpcf7-form-control-wrap\" data-name=\"Email\"><input size=\"40\" maxlength=\"400\" class=\"wpcf7-form-control wpcf7-email wpcf7-validates-as-required wpcf7-text wpcf7-validates-as-email\" autocomplete=\"email\" aria-required=\"true\" aria-invalid=\"false\" placeholder=\"Email\" value=\"\" type=\"email\" name=\"Email\" \/><\/span> <\/label>\n\n<label> <span class=\"wpcf7-form-control-wrap\" data-name=\"Localidad\"><input size=\"40\" maxlength=\"400\" class=\"wpcf7-form-control wpcf7-text wpcf7-validates-as-required\" autocomplete=\"localidad\" aria-required=\"true\" aria-invalid=\"false\" placeholder=\"Localitat\" value=\"\" type=\"text\" name=\"Localidad\" \/><\/span> <\/label>\n<\/div>\n<label> <span class=\"wpcf7-form-control-wrap\" data-name=\"Mensaje\"><textarea cols=\"40\" rows=\"10\" maxlength=\"2000\" class=\"wpcf7-form-control wpcf7-textarea\" aria-invalid=\"false\" placeholder=\"Missatge\" name=\"Mensaje\"><\/textarea><\/span> <\/label>\n\n<span class=\"wpcf7-form-control-wrap\" data-name=\"acceptance-390\"><span class=\"wpcf7-form-control wpcf7-acceptance optional\"><span class=\"wpcf7-list-item\"><label><input type=\"checkbox\" name=\"acceptance-390\" value=\"1\" aria-invalid=\"false\" \/><span class=\"wpcf7-list-item-label\">J'ai lu et accept\u00e9 la <a href=\"#\" target=\"_blank\">politique de confidentialit\u00e9 <\/a><\/span><\/label><\/span><\/span><\/span>\n\n<input class=\"wpcf7-form-control wpcf7-submit has-spinner\" type=\"submit\" value=\"Envoyer\" \/><div class=\"wpcf7-response-output\" aria-hidden=\"true\"><\/div>\n<\/form>\n<\/div>\n<\/div>\n\t\t\t\t\t\t<\/div>\n\t\t\t\t<\/div>\n\t\t\t\t<div class=\"elementor-element elementor-element-0a3e535 elementor-widget elementor-widget-html\" data-id=\"0a3e535\" data-element_type=\"widget\" data-e-type=\"widget\" data-widget_type=\"html.default\">\n\t\t\t\t<div class=\"elementor-widget-container\">\n\t\t\t\t\t<script>document.addEventListener( 'wpcf7mailsent', function( event ) {\r\n    setTimeout( () => {\r\n        location = 'https:\/\/porcel.legal\/gracies\/';\r\n    }, 1600 );\r\n}, false );\r\n<\/script>\t\t\t\t<\/div>\n\t\t\t\t<\/div>\n\t\t\t\t<\/div>\n\t\t\t\t<\/div>\n\t\t<div class=\"elementor-element elementor-element-c781aec e-con-full e-flex e-con e-child\" data-id=\"c781aec\" data-element_type=\"container\" data-e-type=\"container\" data-settings=\"{&quot;background_background&quot;:&quot;classic&quot;}\">\n\t\t\t\t<div class=\"elementor-element elementor-element-219443a elementor-widget elementor-widget-spacer\" data-id=\"219443a\" data-element_type=\"widget\" data-e-type=\"widget\" data-widget_type=\"spacer.default\">\n\t\t\t\t<div class=\"elementor-widget-container\">\n\t\t\t\t\t\t\t<div class=\"elementor-spacer\">\n\t\t\t<div class=\"elementor-spacer-inner\"><\/div>\n\t\t<\/div>\n\t\t\t\t\t\t<\/div>\n\t\t\t\t<\/div>\n\t\t\t\t<\/div>\n\t\t\t\t<\/div>\n\t\t\t\t<\/div>\n\t\t<\/div>\n\t\t\t\t\t\t<\/div>\n\t\t\t\t<\/div>\n\t\t\t\t<\/div>\n\t\t\t\t<\/div>\n\t\t","protected":false},"excerpt":{"rendered":"<p>AVOCAT ET M\u00c9DIATEUR Jaume Llopis N\u00e9 \u00e0 Barcelone le 8 janvier 1952. Il a effectu\u00e9 ses \u00e9tudes universitaires \u00e0 l&rsquo;\u00e9cole de commerce ESADE de Barcelone et a suivi au fil des ann\u00e9es de nombreuses formations de sp\u00e9cialisation dans les domaines de la finance et de la haute direction. Il poss\u00e8de une longue et vaste exp\u00e9rience &#8230; <a title=\"Jaume Llopis\" class=\"read-more\" href=\"https:\/\/porcel.legal\/fr\/jaume-llopis\/\" aria-label=\"En savoir plus sur Jaume Llopis\">Lire la suite<\/a><\/p>\n","protected":false},"author":1,"featured_media":0,"parent":0,"menu_order":0,"comment_status":"closed","ping_status":"closed","template":"","meta":{"inline_featured_image":false,"footnotes":""},"class_list":["post-13877","page","type-page","status-publish"],"_links":{"self":[{"href":"https:\/\/porcel.legal\/fr\/wp-json\/wp\/v2\/pages\/13877","targetHints":{"allow":["GET"]}}],"collection":[{"href":"https:\/\/porcel.legal\/fr\/wp-json\/wp\/v2\/pages"}],"about":[{"href":"https:\/\/porcel.legal\/fr\/wp-json\/wp\/v2\/types\/page"}],"author":[{"embeddable":true,"href":"https:\/\/porcel.legal\/fr\/wp-json\/wp\/v2\/users\/1"}],"replies":[{"embeddable":true,"href":"https:\/\/porcel.legal\/fr\/wp-json\/wp\/v2\/comments?post=13877"}],"version-history":[{"count":1,"href":"https:\/\/porcel.legal\/fr\/wp-json\/wp\/v2\/pages\/13877\/revisions"}],"predecessor-version":[{"id":13878,"href":"https:\/\/porcel.legal\/fr\/wp-json\/wp\/v2\/pages\/13877\/revisions\/13878"}],"wp:attachment":[{"href":"https:\/\/porcel.legal\/fr\/wp-json\/wp\/v2\/media?parent=13877"}],"curies":[{"name":"wp","href":"https:\/\/api.w.org\/{rel}","templated":true}]}}