{"id":13863,"date":"2024-06-10T11:27:28","date_gmt":"2024-06-10T09:27:28","guid":{"rendered":"https:\/\/www.porcel.legal\/maria-del-carmen\/"},"modified":"2024-07-04T13:33:23","modified_gmt":"2024-07-04T11:33:23","slug":"maria-del-carmen","status":"publish","type":"page","link":"https:\/\/porcel.legal\/fr\/maria-del-carmen\/","title":{"rendered":"Maria del Carmen"},"content":{"rendered":"\t\t<div data-elementor-type=\"wp-page\" data-elementor-id=\"13863\" class=\"elementor elementor-13863 elementor-778\" data-elementor-post-type=\"page\">\n\t\t\t\t<div class=\"elementor-element elementor-element-b7df197 e-flex e-con-boxed e-con e-parent\" data-id=\"b7df197\" data-element_type=\"container\" data-e-type=\"container\">\n\t\t\t\t\t<div class=\"e-con-inner\">\n\t\t<div class=\"elementor-element elementor-element-c97464f e-con-full e-flex e-con e-child\" data-id=\"c97464f\" data-element_type=\"container\" data-e-type=\"container\">\n\t\t\t\t<div class=\"elementor-element elementor-element-114bcd3 elementor-widget elementor-widget-image\" data-id=\"114bcd3\" data-element_type=\"widget\" data-e-type=\"widget\" data-settings=\"{&quot;sticky&quot;:&quot;top&quot;,&quot;sticky_on&quot;:[&quot;tablet&quot;],&quot;sticky_offset_tablet&quot;:30,&quot;sticky_parent&quot;:&quot;yes&quot;,&quot;sticky_offset&quot;:0,&quot;sticky_effects_offset&quot;:0,&quot;sticky_anchor_link_offset&quot;:0}\" data-widget_type=\"image.default\">\n\t\t\t\t<div class=\"elementor-widget-container\">\n\t\t\t\t\t\t\t\t\t\t\t\t\t\t\t<img fetchpriority=\"high\" decoding=\"async\" width=\"413\" height=\"575\" src=\"https:\/\/porcel.legal\/wp-content\/uploads\/2024\/06\/maria-del-carmen.jpg\" class=\"attachment-large size-large wp-image-671\" alt=\"\" srcset=\"https:\/\/porcel.legal\/wp-content\/uploads\/2024\/06\/maria-del-carmen.jpg 413w, https:\/\/porcel.legal\/wp-content\/uploads\/2024\/06\/maria-del-carmen-215x300.jpg 215w\" sizes=\"(max-width: 413px) 100vw, 413px\">\t\t\t\t\t\t\t\t\t\t\t\t\t\t\t<\/div>\n\t\t\t\t<\/div>\n\t\t\t\t<\/div>\n\t\t<div class=\"elementor-element elementor-element-f1741ed e-con-full e-flex e-con e-child\" data-id=\"f1741ed\" data-element_type=\"container\" data-e-type=\"container\">\n\t\t\t\t<div class=\"elementor-element elementor-element-7227ec8 elementor-widget elementor-widget-heading\" data-id=\"7227ec8\" data-element_type=\"widget\" data-e-type=\"widget\" data-widget_type=\"heading.default\">\n\t\t\t\t<div class=\"elementor-widget-container\">\n\t\t\t\t\t<div class=\"elementor-heading-title elementor-size-default\">JURIDIQUE ADMINISTRATIF<\/div>\t\t\t\t<\/div>\n\t\t\t\t<\/div>\n\t\t\t\t<div class=\"elementor-element elementor-element-e6da92c elementor-widget elementor-widget-heading\" data-id=\"e6da92c\" data-element_type=\"widget\" data-e-type=\"widget\" data-widget_type=\"heading.default\">\n\t\t\t\t<div class=\"elementor-widget-container\">\n\t\t\t\t\t<div class=\"elementor-heading-title elementor-size-default\">Maria del Carmen Gonz\u00e1lez<\/div>\t\t\t\t<\/div>\n\t\t\t\t<\/div>\n\t\t\t\t<div class=\"elementor-element elementor-element-a7f98d1 elementor-widget__width-inherit elementor-widget elementor-widget-text-editor\" data-id=\"a7f98d1\" data-element_type=\"widget\" data-e-type=\"widget\" data-widget_type=\"text-editor.default\">\n\t\t\t\t<div class=\"elementor-widget-container\">\n\t\t\t\t\t\t\t\t\t<p>Il a compl\u00e9t\u00e9 son cycle de formation de niveau interm\u00e9diaire (CFPM) en gestion administrative, sp\u00e9cialis\u00e9 dans le domaine juridique, \u00e0 l&rsquo;IES Baix Empord\u00e0, \u00e9tudiant de 2017 \u00e0 2020. Durant cette p\u00e9riode, il a acquis des comp\u00e9tences et des connaissances fondamentales pour performer efficacement dans le milieu administratif et juridique.<\/p>\n<p>En 2020, il a particip\u00e9 \u00e0 plusieurs cours qui ont \u00e9largi ses comp\u00e9tences professionnelles et personnelles. Il a suivi un cours de pleine conscience promu par le Consortium pour la Formation Continue de Catalogne, ax\u00e9 sur le bien-\u00eatre et la gestion du stress dans l&rsquo;environnement de travail. Il a \u00e9galement suivi un cours de comp\u00e9tences en communication, \u00e9galement promu par le Consortium pour la Formation Continue de Catalogne, o\u00f9 il a am\u00e9lior\u00e9 ses comp\u00e9tences en communication et en interaction professionnelle.<\/p>\n<p>La m\u00eame ann\u00e9e, Maria del Carmen se sp\u00e9cialise en fiscalit\u00e9 des non-r\u00e9sidents gr\u00e2ce \u00e0 un cours dispens\u00e9 par l&rsquo;Institut europ\u00e9en d&rsquo;\u00e9tudes commerciales, renfor\u00e7ant ainsi ses connaissances en gestion fiscale internationale.<\/p>\n<p>De plus, elle a d\u00e9montr\u00e9 son engagement en faveur de l\u2019apprentissage des langues et de la communication num\u00e9rique. En 2019, il a suivi un cours de fran\u00e7ais A1 \u00e0 l&rsquo;Universitat Oberta de Catalunya (UOC), et en 2020, il a atteint le niveau interm\u00e9diaire B1 en anglais via l&rsquo;\u00c9cole de langues officielle (EOI). Il a \u00e9galement suivi une formation de Community Manager et de Content Manager dans les r\u00e9seaux sociaux via la plateforme Convert M\u00e1s en 2020, acqu\u00e9rant des comp\u00e9tences essentielles pour la gestion et la cr\u00e9ation de contenu num\u00e9rique.<\/p>\n\t\t\t\t\t\t\t\t<\/div>\n\t\t\t\t<\/div>\n\t\t\t\t<\/div>\n\t\t\t\t\t<\/div>\n\t\t\t\t<\/div>\n\t\t<div class=\"elementor-element elementor-element-0290919 e-con-full e-flex e-con e-parent\" data-id=\"0290919\" data-element_type=\"container\" data-e-type=\"container\">\n\t\t\t\t<div class=\"elementor-element elementor-element-7877ea8 elementor-widget elementor-widget-shortcode\" data-id=\"7877ea8\" data-element_type=\"widget\" data-e-type=\"widget\" data-widget_type=\"shortcode.default\">\n\t\t\t\t<div class=\"elementor-widget-container\">\n\t\t\t\t\t\t\t<div class=\"elementor-shortcode\">\t\t<div data-elementor-type=\"section\" data-elementor-id=\"13839\" class=\"elementor elementor-13839 elementor-251 elementor-251\" data-elementor-post-type=\"elementor_library\">\n\t\t\t<div class=\"elementor-element elementor-element-0439a43 e-con-full e-flex e-con e-parent\" data-id=\"0439a43\" data-element_type=\"container\" data-e-type=\"container\" id=\"contacto\" data-settings=\"{&quot;background_background&quot;:&quot;classic&quot;}\">\n\t\t<div class=\"elementor-element elementor-element-9ae7267 e-con-full e-flex e-con e-child\" data-id=\"9ae7267\" data-element_type=\"container\" data-e-type=\"container\" data-settings=\"{&quot;background_background&quot;:&quot;classic&quot;}\">\n\t\t<div class=\"elementor-element elementor-element-7b6d35c e-con-full form-col e-flex e-con e-child\" data-id=\"7b6d35c\" data-element_type=\"container\" data-e-type=\"container\">\n\t\t\t\t<div class=\"elementor-element elementor-element-5e851d5 elementor-widget__width-inherit elementor-widget elementor-widget-heading\" data-id=\"5e851d5\" data-element_type=\"widget\" data-e-type=\"widget\" data-widget_type=\"heading.default\">\n\t\t\t\t<div class=\"elementor-widget-container\">\n\t\t\t\t\t<span class=\"elementor-heading-title elementor-size-default\">DEMANDEZ-NOUS VOTRE RENDEZ-VOUS OU RENDEZ-VOUS VID\u00c9O<\/span>\t\t\t\t<\/div>\n\t\t\t\t<\/div>\n\t\t\t\t<div class=\"elementor-element elementor-element-bfa53ab elementor-widget elementor-widget-heading\" data-id=\"bfa53ab\" data-element_type=\"widget\" data-e-type=\"widget\" data-widget_type=\"heading.default\">\n\t\t\t\t<div class=\"elementor-widget-container\">\n\t\t\t\t\t<div class=\"elementor-heading-title elementor-size-default\">Envoyez-nous votre demande<\/div>\t\t\t\t<\/div>\n\t\t\t\t<\/div>\n\t\t\t\t<div class=\"elementor-element elementor-element-e745244 elementor-widget elementor-widget-text-editor\" data-id=\"e745244\" data-element_type=\"widget\" data-e-type=\"widget\" data-widget_type=\"text-editor.default\">\n\t\t\t\t<div class=\"elementor-widget-container\">\n\t\t\t\t\t\t\t\t\tSi vous avez des questions, avez besoin de conseils juridiques ou souhaitez plus d&rsquo;informations sur nos services, n&rsquo;h\u00e9sitez pas \u00e0 nous contacter.\t\t\t\t\t\t\t\t<\/div>\n\t\t\t\t<\/div>\n\t\t\t\t<div class=\"elementor-element elementor-element-46b62a3 elementor-widget elementor-widget-shortcode\" data-id=\"46b62a3\" data-element_type=\"widget\" data-e-type=\"widget\" data-widget_type=\"shortcode.default\">\n\t\t\t\t<div class=\"elementor-widget-container\">\n\t\t\t\t\t\t\t<div class=\"elementor-shortcode\">\n<div class=\"wpcf7 no-js\" id=\"wpcf7-f13903-o1\" lang=\"fr-FR\" dir=\"ltr\" data-wpcf7-id=\"13903\">\n<div class=\"screen-reader-response\"><p role=\"status\" aria-live=\"polite\" aria-atomic=\"true\"><\/p> <ul><\/ul><\/div>\n<form action=\"\/fr\/wp-json\/wp\/v2\/pages\/13863#wpcf7-f13903-o1\" method=\"post\" class=\"wpcf7-form init\" aria-label=\"Formulaire de contact\" novalidate=\"novalidate\" data-status=\"init\">\n<fieldset class=\"hidden-fields-container\"><input type=\"hidden\" name=\"_wpcf7\" value=\"13903\" \/><input type=\"hidden\" name=\"_wpcf7_version\" value=\"6.1.5\" \/><input type=\"hidden\" name=\"_wpcf7_locale\" value=\"fr_FR\" \/><input type=\"hidden\" name=\"_wpcf7_unit_tag\" value=\"wpcf7-f13903-o1\" \/><input type=\"hidden\" name=\"_wpcf7_container_post\" value=\"0\" \/><input type=\"hidden\" name=\"_wpcf7_posted_data_hash\" value=\"\" \/>\n<\/fieldset>\n<div class=\"flex_\">\n<label> <span class=\"wpcf7-form-control-wrap\" data-name=\"Nombre\"><input size=\"40\" maxlength=\"400\" class=\"wpcf7-form-control wpcf7-text wpcf7-validates-as-required\" autocomplete=\"name\" aria-required=\"true\" aria-invalid=\"false\" placeholder=\"Nom\" value=\"\" type=\"text\" name=\"Nombre\" \/><\/span> <\/label>\n\n<label> <span class=\"wpcf7-form-control-wrap\" data-name=\"Telefono\"><input size=\"40\" maxlength=\"400\" class=\"wpcf7-form-control wpcf7-tel wpcf7-validates-as-required wpcf7-text wpcf7-validates-as-tel\" autocomplete=\"phone\" aria-required=\"true\" aria-invalid=\"false\" placeholder=\"Tel\u00e8fon\" value=\"\" type=\"tel\" name=\"Telefono\" \/><\/span> <\/label>\n<\/div>\n<div class=\"flex_\">\n<label> <span class=\"wpcf7-form-control-wrap\" data-name=\"Email\"><input size=\"40\" maxlength=\"400\" class=\"wpcf7-form-control wpcf7-email wpcf7-validates-as-required wpcf7-text wpcf7-validates-as-email\" autocomplete=\"email\" aria-required=\"true\" aria-invalid=\"false\" placeholder=\"Email\" value=\"\" type=\"email\" name=\"Email\" \/><\/span> <\/label>\n\n<label> <span class=\"wpcf7-form-control-wrap\" data-name=\"Localidad\"><input size=\"40\" maxlength=\"400\" class=\"wpcf7-form-control wpcf7-text wpcf7-validates-as-required\" autocomplete=\"localidad\" aria-required=\"true\" aria-invalid=\"false\" placeholder=\"Localitat\" value=\"\" type=\"text\" name=\"Localidad\" \/><\/span> <\/label>\n<\/div>\n<label> <span class=\"wpcf7-form-control-wrap\" data-name=\"Mensaje\"><textarea cols=\"40\" rows=\"10\" maxlength=\"2000\" class=\"wpcf7-form-control wpcf7-textarea\" aria-invalid=\"false\" placeholder=\"Missatge\" name=\"Mensaje\"><\/textarea><\/span> <\/label>\n\n<span class=\"wpcf7-form-control-wrap\" data-name=\"acceptance-390\"><span class=\"wpcf7-form-control wpcf7-acceptance optional\"><span class=\"wpcf7-list-item\"><label><input type=\"checkbox\" name=\"acceptance-390\" value=\"1\" aria-invalid=\"false\" \/><span class=\"wpcf7-list-item-label\">J'ai lu et accept\u00e9 la <a href=\"#\" target=\"_blank\">politique de confidentialit\u00e9 <\/a><\/span><\/label><\/span><\/span><\/span>\n\n<input class=\"wpcf7-form-control wpcf7-submit has-spinner\" type=\"submit\" value=\"Envoyer\" \/><div class=\"wpcf7-response-output\" aria-hidden=\"true\"><\/div>\n<\/form>\n<\/div>\n<\/div>\n\t\t\t\t\t\t<\/div>\n\t\t\t\t<\/div>\n\t\t\t\t<div class=\"elementor-element elementor-element-0a3e535 elementor-widget elementor-widget-html\" data-id=\"0a3e535\" data-element_type=\"widget\" data-e-type=\"widget\" data-widget_type=\"html.default\">\n\t\t\t\t<div class=\"elementor-widget-container\">\n\t\t\t\t\t<script>document.addEventListener( 'wpcf7mailsent', function( event ) {\r\n    setTimeout( () => {\r\n        location = 'https:\/\/porcel.legal\/gracies\/';\r\n    }, 1600 );\r\n}, false );\r\n<\/script>\t\t\t\t<\/div>\n\t\t\t\t<\/div>\n\t\t\t\t<\/div>\n\t\t\t\t<\/div>\n\t\t<div class=\"elementor-element elementor-element-c781aec e-con-full e-flex e-con e-child\" data-id=\"c781aec\" data-element_type=\"container\" data-e-type=\"container\" data-settings=\"{&quot;background_background&quot;:&quot;classic&quot;}\">\n\t\t\t\t<div class=\"elementor-element elementor-element-219443a elementor-widget elementor-widget-spacer\" data-id=\"219443a\" data-element_type=\"widget\" data-e-type=\"widget\" data-widget_type=\"spacer.default\">\n\t\t\t\t<div class=\"elementor-widget-container\">\n\t\t\t\t\t\t\t<div class=\"elementor-spacer\">\n\t\t\t<div class=\"elementor-spacer-inner\"><\/div>\n\t\t<\/div>\n\t\t\t\t\t\t<\/div>\n\t\t\t\t<\/div>\n\t\t\t\t<\/div>\n\t\t\t\t<\/div>\n\t\t\t\t<\/div>\n\t\t<\/div>\n\t\t\t\t\t\t<\/div>\n\t\t\t\t<\/div>\n\t\t\t\t<\/div>\n\t\t\t\t<\/div>\n\t\t","protected":false},"excerpt":{"rendered":"<p>JURIDIQUE ADMINISTRATIF Maria del Carmen Gonz\u00e1lez Il a compl\u00e9t\u00e9 son cycle de formation de niveau interm\u00e9diaire (CFPM) en gestion administrative, sp\u00e9cialis\u00e9 dans le domaine juridique, \u00e0 l&rsquo;IES Baix Empord\u00e0, \u00e9tudiant de 2017 \u00e0 2020. Durant cette p\u00e9riode, il a acquis des comp\u00e9tences et des connaissances fondamentales pour performer efficacement dans le milieu administratif et juridique. &#8230; <a title=\"Maria del Carmen\" class=\"read-more\" href=\"https:\/\/porcel.legal\/fr\/maria-del-carmen\/\" aria-label=\"En savoir plus sur Maria del Carmen\">Lire la suite<\/a><\/p>\n","protected":false},"author":1,"featured_media":0,"parent":0,"menu_order":0,"comment_status":"closed","ping_status":"closed","template":"","meta":{"inline_featured_image":false,"footnotes":""},"class_list":["post-13863","page","type-page","status-publish"],"_links":{"self":[{"href":"https:\/\/porcel.legal\/fr\/wp-json\/wp\/v2\/pages\/13863","targetHints":{"allow":["GET"]}}],"collection":[{"href":"https:\/\/porcel.legal\/fr\/wp-json\/wp\/v2\/pages"}],"about":[{"href":"https:\/\/porcel.legal\/fr\/wp-json\/wp\/v2\/types\/page"}],"author":[{"embeddable":true,"href":"https:\/\/porcel.legal\/fr\/wp-json\/wp\/v2\/users\/1"}],"replies":[{"embeddable":true,"href":"https:\/\/porcel.legal\/fr\/wp-json\/wp\/v2\/comments?post=13863"}],"version-history":[{"count":2,"href":"https:\/\/porcel.legal\/fr\/wp-json\/wp\/v2\/pages\/13863\/revisions"}],"predecessor-version":[{"id":13866,"href":"https:\/\/porcel.legal\/fr\/wp-json\/wp\/v2\/pages\/13863\/revisions\/13866"}],"wp:attachment":[{"href":"https:\/\/porcel.legal\/fr\/wp-json\/wp\/v2\/media?parent=13863"}],"curies":[{"name":"wp","href":"https:\/\/api.w.org\/{rel}","templated":true}]}}