{"id":752,"date":"2024-06-10T11:14:49","date_gmt":"2024-06-10T09:14:49","guid":{"rendered":"https:\/\/www.porcel.legal\/?page_id=752"},"modified":"2024-07-04T13:24:44","modified_gmt":"2024-07-04T11:24:44","slug":"jaume-llopis","status":"publish","type":"page","link":"https:\/\/porcel.legal\/es\/jaume-llopis\/","title":{"rendered":"Jaume Llopis"},"content":{"rendered":"\t\t<div data-elementor-type=\"wp-page\" data-elementor-id=\"752\" class=\"elementor elementor-752\" data-elementor-post-type=\"page\">\n\t\t\t\t<div class=\"elementor-element elementor-element-b7df197 e-flex e-con-boxed e-con e-parent\" data-id=\"b7df197\" data-element_type=\"container\" data-e-type=\"container\">\n\t\t\t\t\t<div class=\"e-con-inner\">\n\t\t<div class=\"elementor-element elementor-element-c97464f e-con-full e-flex e-con e-child\" data-id=\"c97464f\" data-element_type=\"container\" data-e-type=\"container\">\n\t\t\t\t<div class=\"elementor-element elementor-element-114bcd3 elementor-widget elementor-widget-image\" data-id=\"114bcd3\" data-element_type=\"widget\" data-e-type=\"widget\" data-settings=\"{&quot;sticky&quot;:&quot;top&quot;,&quot;sticky_on&quot;:[&quot;tablet&quot;],&quot;sticky_offset_tablet&quot;:30,&quot;sticky_parent&quot;:&quot;yes&quot;,&quot;sticky_offset&quot;:0,&quot;sticky_effects_offset&quot;:0,&quot;sticky_anchor_link_offset&quot;:0}\" data-widget_type=\"image.default\">\n\t\t\t\t<div class=\"elementor-widget-container\">\n\t\t\t\t\t\t\t\t\t\t\t\t\t\t\t<img fetchpriority=\"high\" decoding=\"async\" width=\"413\" height=\"575\" src=\"https:\/\/porcel.legal\/wp-content\/uploads\/2024\/06\/jaume-llopis-abogado.jpg\" class=\"attachment-large size-large wp-image-669\" alt=\"\" srcset=\"https:\/\/porcel.legal\/wp-content\/uploads\/2024\/06\/jaume-llopis-abogado.jpg 413w, https:\/\/porcel.legal\/wp-content\/uploads\/2024\/06\/jaume-llopis-abogado-215x300.jpg 215w\" sizes=\"(max-width: 413px) 100vw, 413px\">\t\t\t\t\t\t\t\t\t\t\t\t\t\t\t<\/div>\n\t\t\t\t<\/div>\n\t\t\t\t<\/div>\n\t\t<div class=\"elementor-element elementor-element-f1741ed e-con-full e-flex e-con e-child\" data-id=\"f1741ed\" data-element_type=\"container\" data-e-type=\"container\">\n\t\t\t\t<div class=\"elementor-element elementor-element-7227ec8 elementor-widget elementor-widget-heading\" data-id=\"7227ec8\" data-element_type=\"widget\" data-e-type=\"widget\" data-widget_type=\"heading.default\">\n\t\t\t\t<div class=\"elementor-widget-container\">\n\t\t\t\t\t<div class=\"elementor-heading-title elementor-size-default\">ABOGADO Y MEDIADOR<\/div>\t\t\t\t<\/div>\n\t\t\t\t<\/div>\n\t\t\t\t<div class=\"elementor-element elementor-element-e6da92c elementor-widget elementor-widget-heading\" data-id=\"e6da92c\" data-element_type=\"widget\" data-e-type=\"widget\" data-widget_type=\"heading.default\">\n\t\t\t\t<div class=\"elementor-widget-container\">\n\t\t\t\t\t<div class=\"elementor-heading-title elementor-size-default\">Jaume Llopis<\/div>\t\t\t\t<\/div>\n\t\t\t\t<\/div>\n\t\t\t\t<div class=\"elementor-element elementor-element-a7f98d1 elementor-widget__width-inherit elementor-widget elementor-widget-text-editor\" data-id=\"a7f98d1\" data-element_type=\"widget\" data-e-type=\"widget\" data-widget_type=\"text-editor.default\">\n\t\t\t\t<div class=\"elementor-widget-container\">\n\t\t\t\t\t\t\t\t\t<p>Nacido en Barcelona el 8 de enero de 1952. Cursa sus estudios universitarios en la escuela de negocios ESADE de Barcelona y ha seguido a lo largo de los a\u00f1os numerosos cursos de especializaci\u00f3n en el \u00e1mbito financiero y de alta direcci\u00f3n.<\/p><p>Tiene una larga y dilatada experiencia profesional en el \u00e1mbito empresarial ocupando puestos de alta direcci\u00f3n sobre todo en la industria papelera. En los \u00faltimos a\u00f1os fue el CEO de la divisi\u00f3n europea del grupo papelero americano The Newark Group Inc., que abandon\u00f3 cuando esa divisi\u00f3n fue vendida a un fondo de inversi\u00f3n.<\/p><p>Es Graduado en Derecho y tiene el M\u00e1ster en el Ejercicio de la Abogac\u00eda por la Universidad Abierta de Catalu\u00f1a (U.O.C.). Es Abogado en ejercicio principalmente en los \u00e1mbitos Civil y Mercantil, colegiado en el Ilustre Colegio de la Abogac\u00eda de Girona (ICAG 3771), y ha realizado seminarios de especializaci\u00f3n en materia civil y mercantil y un curso de especializaci\u00f3n en Violencia de G\u00e9nero. Tambi\u00e9n es Mediador por el CICAC.<\/p><p>Adem\u00e1s de sus lenguas maternas (Catal\u00e1n y Castellano) habla el Franc\u00e9s, Ingl\u00e9s e Italiano.<\/p>\t\t\t\t\t\t\t\t<\/div>\n\t\t\t\t<\/div>\n\t\t\t\t<\/div>\n\t\t\t\t\t<\/div>\n\t\t\t\t<\/div>\n\t\t<div class=\"elementor-element elementor-element-0290919 e-con-full e-flex e-con e-parent\" data-id=\"0290919\" data-element_type=\"container\" data-e-type=\"container\">\n\t\t\t\t<div class=\"elementor-element elementor-element-7877ea8 elementor-widget elementor-widget-shortcode\" data-id=\"7877ea8\" data-element_type=\"widget\" data-e-type=\"widget\" data-widget_type=\"shortcode.default\">\n\t\t\t\t<div class=\"elementor-widget-container\">\n\t\t\t\t\t\t\t<div class=\"elementor-shortcode\">\t\t<div data-elementor-type=\"section\" data-elementor-id=\"13842\" class=\"elementor elementor-13842 elementor-251 elementor-251\" data-elementor-post-type=\"elementor_library\">\n\t\t\t<div class=\"elementor-element elementor-element-0439a43 e-con-full e-flex e-con e-parent\" data-id=\"0439a43\" data-element_type=\"container\" data-e-type=\"container\" id=\"contacto\" data-settings=\"{&quot;background_background&quot;:&quot;classic&quot;}\">\n\t\t<div class=\"elementor-element elementor-element-9ae7267 e-con-full e-flex e-con e-child\" data-id=\"9ae7267\" data-element_type=\"container\" data-e-type=\"container\" data-settings=\"{&quot;background_background&quot;:&quot;classic&quot;}\">\n\t\t<div class=\"elementor-element elementor-element-7b6d35c e-con-full form-col e-flex e-con e-child\" data-id=\"7b6d35c\" data-element_type=\"container\" data-e-type=\"container\">\n\t\t\t\t<div class=\"elementor-element elementor-element-5e851d5 elementor-widget__width-inherit elementor-widget elementor-widget-heading\" data-id=\"5e851d5\" data-element_type=\"widget\" data-e-type=\"widget\" data-widget_type=\"heading.default\">\n\t\t\t\t<div class=\"elementor-widget-container\">\n\t\t\t\t\t<span class=\"elementor-heading-title elementor-size-default\">P\u00cdDENOS TU CITA PRESENCIAL O VIDEOCITA<\/span>\t\t\t\t<\/div>\n\t\t\t\t<\/div>\n\t\t\t\t<div class=\"elementor-element elementor-element-bfa53ab elementor-widget elementor-widget-heading\" data-id=\"bfa53ab\" data-element_type=\"widget\" data-e-type=\"widget\" data-widget_type=\"heading.default\">\n\t\t\t\t<div class=\"elementor-widget-container\">\n\t\t\t\t\t<div class=\"elementor-heading-title elementor-size-default\">Env\u00edanos tu consulta<\/div>\t\t\t\t<\/div>\n\t\t\t\t<\/div>\n\t\t\t\t<div class=\"elementor-element elementor-element-e745244 elementor-widget elementor-widget-text-editor\" data-id=\"e745244\" data-element_type=\"widget\" data-e-type=\"widget\" data-widget_type=\"text-editor.default\">\n\t\t\t\t<div class=\"elementor-widget-container\">\n\t\t\t\t\t\t\t\t\tSi tienes alguna pregunta, necesitas asesoramiento legal o deseas m\u00e1s informaci\u00f3n sobre nuestros servicios, no dudes en ponerte en contacto con nosotros.\t\t\t\t\t\t\t\t<\/div>\n\t\t\t\t<\/div>\n\t\t\t\t<div class=\"elementor-element elementor-element-46b62a3 elementor-widget elementor-widget-shortcode\" data-id=\"46b62a3\" data-element_type=\"widget\" data-e-type=\"widget\" data-widget_type=\"shortcode.default\">\n\t\t\t\t<div class=\"elementor-widget-container\">\n\t\t\t\t\t\t\t<div class=\"elementor-shortcode\">\n<div class=\"wpcf7 no-js\" id=\"wpcf7-f13902-o1\" lang=\"es-ES\" dir=\"ltr\" data-wpcf7-id=\"13902\">\n<div class=\"screen-reader-response\"><p role=\"status\" aria-live=\"polite\" aria-atomic=\"true\"><\/p> <ul><\/ul><\/div>\n<form action=\"\/es\/wp-json\/wp\/v2\/pages\/752#wpcf7-f13902-o1\" method=\"post\" class=\"wpcf7-form init\" aria-label=\"Formulario de contacto\" novalidate=\"novalidate\" data-status=\"init\">\n<fieldset class=\"hidden-fields-container\"><input type=\"hidden\" name=\"_wpcf7\" value=\"13902\" \/><input type=\"hidden\" name=\"_wpcf7_version\" value=\"6.1.5\" \/><input type=\"hidden\" name=\"_wpcf7_locale\" value=\"es_ES\" \/><input type=\"hidden\" name=\"_wpcf7_unit_tag\" value=\"wpcf7-f13902-o1\" \/><input type=\"hidden\" name=\"_wpcf7_container_post\" value=\"0\" \/><input type=\"hidden\" name=\"_wpcf7_posted_data_hash\" value=\"\" \/>\n<\/fieldset>\n<div class=\"flex_\">\n<label> <span class=\"wpcf7-form-control-wrap\" data-name=\"Nombre\"><input size=\"40\" maxlength=\"400\" class=\"wpcf7-form-control wpcf7-text wpcf7-validates-as-required\" autocomplete=\"name\" aria-required=\"true\" aria-invalid=\"false\" placeholder=\"Nombre\" value=\"\" type=\"text\" name=\"Nombre\" \/><\/span> <\/label>\n\n<label> <span class=\"wpcf7-form-control-wrap\" data-name=\"Telefono\"><input size=\"40\" maxlength=\"400\" class=\"wpcf7-form-control wpcf7-tel wpcf7-validates-as-required wpcf7-text wpcf7-validates-as-tel\" autocomplete=\"phone\" aria-required=\"true\" aria-invalid=\"false\" placeholder=\"Tel\u00e9fono\" value=\"\" type=\"tel\" name=\"Telefono\" \/><\/span> <\/label>\n<\/div>\n<div class=\"flex_\">\n<label> <span class=\"wpcf7-form-control-wrap\" data-name=\"Email\"><input size=\"40\" maxlength=\"400\" class=\"wpcf7-form-control wpcf7-email wpcf7-validates-as-required wpcf7-text wpcf7-validates-as-email\" autocomplete=\"email\" aria-required=\"true\" aria-invalid=\"false\" placeholder=\"Email\" value=\"\" type=\"email\" name=\"Email\" \/><\/span> <\/label>\n\n<label> <span class=\"wpcf7-form-control-wrap\" data-name=\"Localidad\"><input size=\"40\" maxlength=\"400\" class=\"wpcf7-form-control wpcf7-text wpcf7-validates-as-required\" autocomplete=\"localidad\" aria-required=\"true\" aria-invalid=\"false\" placeholder=\"Localidad\" value=\"\" type=\"text\" name=\"Localidad\" \/><\/span> <\/label>\n<\/div>\n<label> <span class=\"wpcf7-form-control-wrap\" data-name=\"Mensaje\"><textarea cols=\"40\" rows=\"10\" maxlength=\"2000\" class=\"wpcf7-form-control wpcf7-textarea\" aria-invalid=\"false\" placeholder=\"Mensaje\" name=\"Mensaje\"><\/textarea><\/span> <\/label>\n\n<span class=\"wpcf7-form-control-wrap\" data-name=\"acceptance-390\"><span class=\"wpcf7-form-control wpcf7-acceptance optional\"><span class=\"wpcf7-list-item\"><label><input type=\"checkbox\" name=\"acceptance-390\" value=\"1\" aria-invalid=\"false\" \/><span class=\"wpcf7-list-item-label\">He le\u00eddo y acepto la <a href=\"#\" target=\"_blank\">Pol\u00edtica de Privacidad <\/a><\/span><\/label><\/span><\/span><\/span>\n\n<input class=\"wpcf7-form-control wpcf7-submit has-spinner\" type=\"submit\" value=\"Enviar\" \/><div class=\"wpcf7-response-output\" aria-hidden=\"true\"><\/div>\n<\/form>\n<\/div>\n<\/div>\n\t\t\t\t\t\t<\/div>\n\t\t\t\t<\/div>\n\t\t\t\t<div class=\"elementor-element elementor-element-0a3e535 elementor-widget elementor-widget-html\" data-id=\"0a3e535\" data-element_type=\"widget\" data-e-type=\"widget\" data-widget_type=\"html.default\">\n\t\t\t\t<div class=\"elementor-widget-container\">\n\t\t\t\t\t<script>document.addEventListener( 'wpcf7mailsent', function( event ) {\r\n    setTimeout( () => {\r\n        location = 'https:\/\/porcel.legal\/gracies\/';\r\n    }, 1600 );\r\n}, false );\r\n<\/script>\t\t\t\t<\/div>\n\t\t\t\t<\/div>\n\t\t\t\t<\/div>\n\t\t\t\t<\/div>\n\t\t<div class=\"elementor-element elementor-element-c781aec e-con-full e-flex e-con e-child\" data-id=\"c781aec\" data-element_type=\"container\" data-e-type=\"container\" data-settings=\"{&quot;background_background&quot;:&quot;classic&quot;}\">\n\t\t\t\t<div class=\"elementor-element elementor-element-219443a elementor-widget elementor-widget-spacer\" data-id=\"219443a\" data-element_type=\"widget\" data-e-type=\"widget\" data-widget_type=\"spacer.default\">\n\t\t\t\t<div class=\"elementor-widget-container\">\n\t\t\t\t\t\t\t<div class=\"elementor-spacer\">\n\t\t\t<div class=\"elementor-spacer-inner\"><\/div>\n\t\t<\/div>\n\t\t\t\t\t\t<\/div>\n\t\t\t\t<\/div>\n\t\t\t\t<\/div>\n\t\t\t\t<\/div>\n\t\t\t\t<\/div>\n\t\t<\/div>\n\t\t\t\t\t\t<\/div>\n\t\t\t\t<\/div>\n\t\t\t\t<\/div>\n\t\t\t\t<\/div>\n\t\t","protected":false},"excerpt":{"rendered":"<p>ABOGADO Y MEDIADOR Jaume Llopis Nacido en Barcelona el 8 de enero de 1952. Cursa sus estudios universitarios en la escuela de negocios ESADE de Barcelona y ha seguido a lo largo de los a\u00f1os numerosos cursos de especializaci\u00f3n en el \u00e1mbito financiero y de alta direcci\u00f3n. Tiene una larga y dilatada experiencia profesional en &#8230; <a title=\"Jaume Llopis\" class=\"read-more\" href=\"https:\/\/porcel.legal\/es\/jaume-llopis\/\" aria-label=\"Leer m\u00e1s sobre Jaume Llopis\">Leer m\u00e1s<\/a><\/p>\n","protected":false},"author":1,"featured_media":0,"parent":0,"menu_order":0,"comment_status":"closed","ping_status":"closed","template":"","meta":{"inline_featured_image":false,"footnotes":""},"class_list":["post-752","page","type-page","status-publish"],"_links":{"self":[{"href":"https:\/\/porcel.legal\/es\/wp-json\/wp\/v2\/pages\/752","targetHints":{"allow":["GET"]}}],"collection":[{"href":"https:\/\/porcel.legal\/es\/wp-json\/wp\/v2\/pages"}],"about":[{"href":"https:\/\/porcel.legal\/es\/wp-json\/wp\/v2\/types\/page"}],"author":[{"embeddable":true,"href":"https:\/\/porcel.legal\/es\/wp-json\/wp\/v2\/users\/1"}],"replies":[{"embeddable":true,"href":"https:\/\/porcel.legal\/es\/wp-json\/wp\/v2\/comments?post=752"}],"version-history":[{"count":22,"href":"https:\/\/porcel.legal\/es\/wp-json\/wp\/v2\/pages\/752\/revisions"}],"predecessor-version":[{"id":965,"href":"https:\/\/porcel.legal\/es\/wp-json\/wp\/v2\/pages\/752\/revisions\/965"}],"wp:attachment":[{"href":"https:\/\/porcel.legal\/es\/wp-json\/wp\/v2\/media?parent=752"}],"curies":[{"name":"wp","href":"https:\/\/api.w.org\/{rel}","templated":true}]}}