{"id":15869,"date":"2025-04-10T21:57:48","date_gmt":"2025-04-10T19:57:48","guid":{"rendered":"https:\/\/porcel.legal\/mediacion-y-conciliacion-en-derecho-civil-solucion-rapida-y-eficaz-a-los-conflictos\/"},"modified":"2025-07-17T11:26:39","modified_gmt":"2025-07-17T09:26:39","slug":"mediacion-y-conciliacion-en-derecho-civil-solucion-rapida-y-eficaz-a-los-conflictos","status":"publish","type":"page","link":"https:\/\/porcel.legal\/es\/abogados-mediacion-conciliacion-derecho-civil-girona\/","title":{"rendered":"Mediaci\u00f3n y conciliaci\u00f3n en Derecho Civil: Soluci\u00f3n R\u00e1pida y Eficaz a los Conflictos"},"content":{"rendered":"\t\t<div data-elementor-type=\"wp-page\" data-elementor-id=\"15869\" class=\"elementor elementor-15869 elementor-15864\" data-elementor-post-type=\"page\">\n\t\t\t\t<div class=\"elementor-element elementor-element-13221899 e-flex e-con-boxed e-con e-parent\" data-id=\"13221899\" data-element_type=\"container\" data-e-type=\"container\">\n\t\t\t\t\t<div class=\"e-con-inner\">\n\t\t<div class=\"elementor-element elementor-element-5230e68e e-con-full e-flex e-con e-child\" data-id=\"5230e68e\" data-element_type=\"container\" data-e-type=\"container\" data-settings=\"{&quot;sticky&quot;:&quot;top&quot;,&quot;sticky_on&quot;:[&quot;desktop&quot;],&quot;sticky_offset&quot;:30,&quot;sticky_parent&quot;:&quot;yes&quot;,&quot;sticky_effects_offset&quot;:0,&quot;sticky_anchor_link_offset&quot;:0}\">\n\t\t<div class=\"elementor-element elementor-element-18166f99 e-flex e-con-boxed e-con e-child\" data-id=\"18166f99\" data-element_type=\"container\" data-e-type=\"container\" data-settings=\"{&quot;background_background&quot;:&quot;classic&quot;}\">\n\t\t\t\t\t<div class=\"e-con-inner\">\n\t\t\t\t<div class=\"elementor-element elementor-element-c759fcb elementor-widget elementor-widget-image\" data-id=\"c759fcb\" data-element_type=\"widget\" data-e-type=\"widget\" data-widget_type=\"image.default\">\n\t\t\t\t<div class=\"elementor-widget-container\">\n\t\t\t\t\t\t\t\t\t\t\t\t\t\t\t<img fetchpriority=\"high\" decoding=\"async\" width=\"1024\" height=\"197\" src=\"https:\/\/porcel.legal\/wp-content\/uploads\/2024\/06\/logo-porcel.png\" class=\"attachment-large size-large wp-image-690\" alt=\"\" srcset=\"https:\/\/porcel.legal\/wp-content\/uploads\/2024\/06\/logo-porcel.png 1024w, https:\/\/porcel.legal\/wp-content\/uploads\/2024\/06\/logo-porcel-300x58.png 300w, https:\/\/porcel.legal\/wp-content\/uploads\/2024\/06\/logo-porcel-768x148.png 768w\" sizes=\"(max-width: 1024px) 100vw, 1024px\">\t\t\t\t\t\t\t\t\t\t\t\t\t\t\t<\/div>\n\t\t\t\t<\/div>\n\t\t\t\t<div class=\"elementor-element elementor-element-1303296c elementor-align-center elementor-icon-list--layout-traditional elementor-list-item-link-full_width elementor-widget elementor-widget-icon-list\" data-id=\"1303296c\" data-element_type=\"widget\" data-e-type=\"widget\" data-widget_type=\"icon-list.default\">\n\t\t\t\t<div class=\"elementor-widget-container\">\n\t\t\t\t\t\t\t<ul class=\"elementor-icon-list-items\">\n\t\t\t\t\t\t\t<li class=\"elementor-icon-list-item\">\n\t\t\t\t\t\t\t\t\t\t\t<a href=\"https:\/\/www.google.com\/maps\/place\/Porcel+Advocats\/@41.9162128,3.1629811,17z\/data=!3m1!4b1!4m6!3m5!1s0x12ba5462adad0f89:0x5b312fb302775704!8m2!3d41.9162089!4d3.167852!16s%2Fg%2F11dxd9jtkv?entry=ttu\" target=\"_blank\" rel=\"nofollow noopener\">\n\n\t\t\t\t\t\t\t\t\t\t\t<span class=\"elementor-icon-list-text\">Calle Hortal d'en Pou, 56, 17200 Palafrugell, Girona<\/span>\n\t\t\t\t\t\t\t\t\t\t\t<\/a>\n\t\t\t\t\t\t\t\t\t<\/li>\n\t\t\t\t\t\t<\/ul>\n\t\t\t\t\t\t<\/div>\n\t\t\t\t<\/div>\n\t\t\t\t<div class=\"elementor-element elementor-element-72820e69 elementor-mobile-align-center elementor-widget elementor-widget-button\" data-id=\"72820e69\" data-element_type=\"widget\" data-e-type=\"widget\" data-widget_type=\"button.default\">\n\t\t\t\t<div class=\"elementor-widget-container\">\n\t\t\t\t\t\t\t\t\t<div class=\"elementor-button-wrapper\">\n\t\t\t\t\t<a class=\"elementor-button elementor-button-link elementor-size-sm elementor-animation-shrink\" href=\"#contacto\">\n\t\t\t\t\t\t<span class=\"elementor-button-content-wrapper\">\n\t\t\t\t\t\t\t\t\t<span class=\"elementor-button-text\">Pedir cita<\/span>\n\t\t\t\t\t<\/span>\n\t\t\t\t\t<\/a>\n\t\t\t\t<\/div>\n\t\t\t\t\t\t\t\t<\/div>\n\t\t\t\t<\/div>\n\t\t\t\t\t<\/div>\n\t\t\t\t<\/div>\n\t\t\t\t<\/div>\n\t\t<div class=\"elementor-element elementor-element-16bfe199 e-con-full e-flex e-con e-child\" data-id=\"16bfe199\" data-element_type=\"container\" data-e-type=\"container\">\n\t\t<div class=\"elementor-element elementor-element-28bd6fd3 e-flex e-con-boxed e-con e-child\" data-id=\"28bd6fd3\" data-element_type=\"container\" data-e-type=\"container\">\n\t\t\t\t\t<div class=\"e-con-inner\">\n\t\t\t\t<div class=\"elementor-element elementor-element-33372fd2 breadcrumb elementor-widget elementor-widget-text-editor\" data-id=\"33372fd2\" data-element_type=\"widget\" data-e-type=\"widget\" data-widget_type=\"text-editor.default\">\n\t\t\t\t<div class=\"elementor-widget-container\">\n\t\t\t\t\t\t\t\t\t<a href=\"\/\">Inicio<\/a> \/ Mediaci\u00f3n y conciliaci\u00f3n en Derecho Civil\t\t\t\t\t\t\t\t<\/div>\n\t\t\t\t<\/div>\n\t\t\t\t<div class=\"elementor-element elementor-element-c541134 elementor-widget elementor-widget-heading\" data-id=\"c541134\" data-element_type=\"widget\" data-e-type=\"widget\" data-widget_type=\"heading.default\">\n\t\t\t\t<div class=\"elementor-widget-container\">\n\t\t\t\t\t<h1 class=\"elementor-heading-title elementor-size-default\">Abogados para mediaci\u00f3n y conciliaci\u00f3n en Derecho Civil en Girona<\/h1>\t\t\t\t<\/div>\n\t\t\t\t<\/div>\n\t\t\t\t<div class=\"elementor-element elementor-element-9a0debf elementor-widget elementor-widget-heading\" data-id=\"9a0debf\" data-element_type=\"widget\" data-e-type=\"widget\" data-widget_type=\"heading.default\">\n\t\t\t\t<div class=\"elementor-widget-container\">\n\t\t\t\t\t<h2 class=\"elementor-heading-title elementor-size-default\">Soluci\u00f3n R\u00e1pida y Eficaz a los Conflictos<\/h2>\t\t\t\t<\/div>\n\t\t\t\t<\/div>\n\t\t\t\t<div class=\"elementor-element elementor-element-59eba1e1 elementor-widget elementor-widget-text-editor\" data-id=\"59eba1e1\" data-element_type=\"widget\" data-e-type=\"widget\" data-widget_type=\"text-editor.default\">\n\t\t\t\t<div class=\"elementor-widget-container\">\n\t\t\t\t\t\t\t\t\tEn el \u00e1mbito del derecho civil, las disputas pueden surgir por cuestiones de contratos, propiedad, arrendamientos o da\u00f1os. A trav\u00e9s de la mediaci\u00f3n o conciliaci\u00f3n civil, un proceso de resoluci\u00f3n alternativa de conflictos (MASC), se pueden resolver estas disputas de manera r\u00e1pida y eficiente, evitando los costosos y largos procedimientos judiciales. La conciliaci\u00f3n o conciliaci\u00f3n juega un papel fundamental en este proceso, ya que permite que las partes se acerquen, lleguen a acuerdos sin la necesidad de un juicio, y encuentren soluciones equitativas para ambas partes.\n\t\t\t\t\t\t\t\t<\/div>\n\t\t\t\t<\/div>\n\t\t\t\t\t<\/div>\n\t\t\t\t<\/div>\n\t\t<div class=\"elementor-element elementor-element-2cde3ac5 e-flex e-con-boxed e-con e-child\" data-id=\"2cde3ac5\" data-element_type=\"container\" data-e-type=\"container\">\n\t\t\t\t\t<div class=\"e-con-inner\">\n\t\t\t\t<div class=\"elementor-element elementor-element-6ca826ab elementor-widget elementor-widget-heading\" data-id=\"6ca826ab\" data-element_type=\"widget\" data-e-type=\"widget\" data-widget_type=\"heading.default\">\n\t\t\t\t<div class=\"elementor-widget-container\">\n\t\t\t\t\t<h2 class=\"elementor-heading-title elementor-size-default\">\u00bfEn qu\u00e9 consiste el proceso?<\/h2>\t\t\t\t<\/div>\n\t\t\t\t<\/div>\n\t\t\t\t<div class=\"elementor-element elementor-element-bdcbb17 elementor-widget elementor-widget-text-editor\" data-id=\"bdcbb17\" data-element_type=\"widget\" data-e-type=\"widget\" data-widget_type=\"text-editor.default\">\n\t\t\t\t<div class=\"elementor-widget-container\">\n\t\t\t\t\t\t\t\t\tEl proceso comienza con una sesi\u00f3n inicial donde el mediador explica el procedimiento y las reglas de la mediaci\u00f3n. Luego, cada parte expone sus puntos de vista y las disputas se exploran a fondo. El mediador o conciliador facilita el di\u00e1logo y promueve una atm\u00f3sfera de respeto mutuo, ayudando a las partes a generar opciones para la resoluci\u00f3n del conflicto. Finalmente, cuando se alcanza un acuerdo, este se formaliza.\t\t\t\t\t\t\t\t<\/div>\n\t\t\t\t<\/div>\n\t\t\t\t\t<\/div>\n\t\t\t\t<\/div>\n\t\t<div class=\"elementor-element elementor-element-67075ae5 e-flex e-con-boxed e-con e-child\" data-id=\"67075ae5\" data-element_type=\"container\" data-e-type=\"container\">\n\t\t\t\t\t<div class=\"e-con-inner\">\n\t\t\t\t<div class=\"elementor-element elementor-element-2b3ee434 elementor-widget elementor-widget-heading\" data-id=\"2b3ee434\" data-element_type=\"widget\" data-e-type=\"widget\" data-widget_type=\"heading.default\">\n\t\t\t\t<div class=\"elementor-widget-container\">\n\t\t\t\t\t<h2 class=\"elementor-heading-title elementor-size-default\">Fases del proceso:<\/h2>\t\t\t\t<\/div>\n\t\t\t\t<\/div>\n\t\t\t\t<div class=\"elementor-element elementor-element-79cf8798 elementor-widget elementor-widget-text-editor\" data-id=\"79cf8798\" data-element_type=\"widget\" data-e-type=\"widget\" data-widget_type=\"text-editor.default\">\n\t\t\t\t<div class=\"elementor-widget-container\">\n\t\t\t\t\t\t\t\t\t<ol>\n \t<li>Primera reuni\u00f3n: El mediador establece las reglas y explica el proceso de mediaci\u00f3n.<\/li>\n \t<li aria-level=\"1\">Identificaci\u00f3n de problemas y intereses: Ambas partes exponen sus puntos de vista y necesidades.\n<\/li>\n \t<li aria-level=\"1\">Generaci\u00f3n de opciones: El mediador ayuda a encontrar soluciones viables.<\/li>\n \t<li aria-level=\"1\">Acuerdo final: El acuerdo alcanzado se formaliza y, si se desea, se puede presentar ante un juez para su ratificaci\u00f3n.<\/li>\n<\/ol>\t\t\t\t\t\t\t\t<\/div>\n\t\t\t\t<\/div>\n\t\t\t\t\t<\/div>\n\t\t\t\t<\/div>\n\t\t<div class=\"elementor-element elementor-element-14450257 e-flex e-con-boxed e-con e-child\" data-id=\"14450257\" data-element_type=\"container\" data-e-type=\"container\">\n\t\t\t\t\t<div class=\"e-con-inner\">\n\t\t\t\t<div class=\"elementor-element elementor-element-56ec5241 elementor-widget elementor-widget-heading\" data-id=\"56ec5241\" data-element_type=\"widget\" data-e-type=\"widget\" data-widget_type=\"heading.default\">\n\t\t\t\t<div class=\"elementor-widget-container\">\n\t\t\t\t\t<h2 class=\"elementor-heading-title elementor-size-default\">Beneficios:<\/h2>\t\t\t\t<\/div>\n\t\t\t\t<\/div>\n\t\t\t\t<div class=\"elementor-element elementor-element-4da8586d elementor-widget elementor-widget-text-editor\" data-id=\"4da8586d\" data-element_type=\"widget\" data-e-type=\"widget\" data-widget_type=\"text-editor.default\">\n\t\t\t\t<div class=\"elementor-widget-container\">\n\t\t\t\t\t\t\t\t\t<ul>\n \t<li aria-level=\"1\">Reducci\u00f3n de costes judiciales al evitar litigios largos.<\/li>\n<\/ul>\n<ul>\n \t<li aria-level=\"1\">Mayor control sobre el resultado, ya que las partes participan activamente en la creaci\u00f3n de soluciones.<\/li>\n<\/ul>\n<ul>\n \t<li aria-level=\"1\">Confidencialidad durante todo el proceso.<\/li>\n<\/ul>\n<ul>\n \t<li aria-level=\"1\">Soluciones r\u00e1pidas y eficientes, evitando el estr\u00e9s de los tribunales.<\/li>\n<\/ul>\t\t\t\t\t\t\t\t<\/div>\n\t\t\t\t<\/div>\n\t\t\t\t\t<\/div>\n\t\t\t\t<\/div>\n\t\t<div class=\"elementor-element elementor-element-2757395f e-flex e-con-boxed e-con e-child\" data-id=\"2757395f\" data-element_type=\"container\" data-e-type=\"container\">\n\t\t\t\t\t<div class=\"e-con-inner\">\n\t\t\t\t<div class=\"elementor-element elementor-element-1a097dd3 elementor-widget elementor-widget-heading\" data-id=\"1a097dd3\" data-element_type=\"widget\" data-e-type=\"widget\" data-widget_type=\"heading.default\">\n\t\t\t\t<div class=\"elementor-widget-container\">\n\t\t\t\t\t<h2 class=\"elementor-heading-title elementor-size-default\">\u00bfTienes una disputa civil que necesitas resolver?<\/h2>\t\t\t\t<\/div>\n\t\t\t\t<\/div>\n\t\t\t\t<div class=\"elementor-element elementor-element-50ee9e22 elementor-widget elementor-widget-text-editor\" data-id=\"50ee9e22\" data-element_type=\"widget\" data-e-type=\"widget\" data-widget_type=\"text-editor.default\">\n\t\t\t\t<div class=\"elementor-widget-container\">\n\t\t\t\t\t\t\t\t\tSi est\u00e1s buscando una manera r\u00e1pida y eficiente de resolver tu conflicto civil, contacta con nosotros para obtener asesor\u00eda en mediaci\u00f3n. Descubre c\u00f3mo la conciliaci\u00f3n puede ser la soluci\u00f3n ideal para tu situaci\u00f3n. Solicita una consulta ahora mismo y encuentra la mejor opci\u00f3n para resolver tu disputa.\n\t\t\t\t\t\t\t\t<\/div>\n\t\t\t\t<\/div>\n\t\t\t\t\t<\/div>\n\t\t\t\t<\/div>\n\t\t<div class=\"elementor-element elementor-element-6524cce e-con-full e-flex e-con e-child\" data-id=\"6524cce\" data-element_type=\"container\" data-e-type=\"container\">\n\t\t\t\t<div class=\"elementor-element elementor-element-4fd3b30 elementor-widget elementor-widget-shortcode\" data-id=\"4fd3b30\" data-element_type=\"widget\" data-e-type=\"widget\" data-widget_type=\"shortcode.default\">\n\t\t\t\t<div class=\"elementor-widget-container\">\n\t\t\t\t\t\t\t<div class=\"elementor-shortcode\">\t\t<div data-elementor-type=\"container\" data-elementor-id=\"16589\" class=\"elementor elementor-16589\" data-elementor-post-type=\"elementor_library\">\n\t\t\t\t<div class=\"elementor-element elementor-element-0d4c263 e-flex e-con-boxed e-con e-parent\" data-id=\"0d4c263\" data-element_type=\"container\" data-e-type=\"container\">\n\t\t\t\t\t<div class=\"e-con-inner\">\n\t\t\t\t<div class=\"elementor-element elementor-element-f9991d1 elementor-widget elementor-widget-heading\" data-id=\"f9991d1\" data-element_type=\"widget\" data-e-type=\"widget\" data-widget_type=\"heading.default\">\n\t\t\t\t<div class=\"elementor-widget-container\">\n\t\t\t\t\t<h2 class=\"elementor-heading-title elementor-size-default\">Nuestros clientes nos recomiendan<\/h2>\t\t\t\t<\/div>\n\t\t\t\t<\/div>\n\t\t\t\t\t<\/div>\n\t\t\t\t<\/div>\n\t\t<div class=\"elementor-element elementor-element-217bbae4 e-con-full e-flex e-con e-child\" data-id=\"217bbae4\" data-element_type=\"container\" data-e-type=\"container\">\n\t\t\t\t<div class=\"elementor-element elementor-element-69cd295 elementor-widget elementor-widget-html\" data-id=\"69cd295\" data-element_type=\"widget\" data-e-type=\"widget\" data-widget_type=\"html.default\">\n\t\t\t\t<div class=\"elementor-widget-container\">\n\t\t\t\t\t<script defer async src='https:\/\/cdn.trustindex.io\/loader.js?48174055082b2067163668e54d1'><\/script>\t\t\t\t<\/div>\n\t\t\t\t<\/div>\n\t\t\t\t<\/div>\n\t\t\t\t<\/div>\n\t\t<\/div>\n\t\t\t\t\t\t<\/div>\n\t\t\t\t<\/div>\n\t\t\t\t<\/div>\n\t\t\t\t<\/div>\n\t\t\t\t\t<\/div>\n\t\t\t\t<\/div>\n\t\t<div class=\"elementor-element elementor-element-309b6955 e-con-full e-flex e-con e-parent\" data-id=\"309b6955\" data-element_type=\"container\" data-e-type=\"container\" id=\"contacto\" data-settings=\"{&quot;background_background&quot;:&quot;classic&quot;}\">\n\t\t<div class=\"elementor-element elementor-element-45a67650 e-con-full e-flex e-con e-child\" data-id=\"45a67650\" data-element_type=\"container\" data-e-type=\"container\" data-settings=\"{&quot;background_background&quot;:&quot;classic&quot;}\">\n\t\t<div class=\"elementor-element elementor-element-28f147e e-con-full form-col e-flex e-con e-child\" data-id=\"28f147e\" data-element_type=\"container\" data-e-type=\"container\">\n\t\t\t\t<div class=\"elementor-element elementor-element-30c22b60 elementor-widget__width-inherit elementor-widget elementor-widget-heading\" data-id=\"30c22b60\" data-element_type=\"widget\" data-e-type=\"widget\" data-widget_type=\"heading.default\">\n\t\t\t\t<div class=\"elementor-widget-container\">\n\t\t\t\t\t<span class=\"elementor-heading-title elementor-size-default\">P\u00cdDENOS TU CITA PRESENCIAL O VIDEOCITA<\/span>\t\t\t\t<\/div>\n\t\t\t\t<\/div>\n\t\t\t\t<div class=\"elementor-element elementor-element-6b91cb88 elementor-widget elementor-widget-heading\" data-id=\"6b91cb88\" data-element_type=\"widget\" data-e-type=\"widget\" data-widget_type=\"heading.default\">\n\t\t\t\t<div class=\"elementor-widget-container\">\n\t\t\t\t\t<div class=\"elementor-heading-title elementor-size-default\">Env\u00edanos tu consulta<\/div>\t\t\t\t<\/div>\n\t\t\t\t<\/div>\n\t\t\t\t<div class=\"elementor-element elementor-element-192e5f06 elementor-widget elementor-widget-text-editor\" data-id=\"192e5f06\" data-element_type=\"widget\" data-e-type=\"widget\" data-widget_type=\"text-editor.default\">\n\t\t\t\t<div class=\"elementor-widget-container\">\n\t\t\t\t\t\t\t\t\tSi tienes alguna pregunta, necesitas asesoramiento legal o deseas m\u00e1s informaci\u00f3n sobre nuestros servicios, no dudes en ponerte en contacto con nosotros.\t\t\t\t\t\t\t\t<\/div>\n\t\t\t\t<\/div>\n\t\t\t\t<div class=\"elementor-element elementor-element-62870a20 elementor-widget elementor-widget-shortcode\" data-id=\"62870a20\" data-element_type=\"widget\" data-e-type=\"widget\" data-widget_type=\"shortcode.default\">\n\t\t\t\t<div class=\"elementor-widget-container\">\n\t\t\t\t\t\t\t<div class=\"elementor-shortcode\"><p class=\"wpcf7-contact-form-not-found\"><strong>Error:<\/strong> Formulario de contacto no encontrado.<\/p><\/div>\n\t\t\t\t\t\t<\/div>\n\t\t\t\t<\/div>\n\t\t\t\t<div class=\"elementor-element elementor-element-60db7417 elementor-widget elementor-widget-html\" data-id=\"60db7417\" data-element_type=\"widget\" data-e-type=\"widget\" data-widget_type=\"html.default\">\n\t\t\t\t<div class=\"elementor-widget-container\">\n\t\t\t\t\t<script>document.addEventListener( 'wpcf7mailsent', function( event ) {\r\n    setTimeout( () => {\r\n        location = 'https:\/\/porcel.legal\/gracies\/';\r\n    }, 1600 );\r\n}, false );\r\n<\/script>\t\t\t\t<\/div>\n\t\t\t\t<\/div>\n\t\t\t\t<\/div>\n\t\t\t\t<\/div>\n\t\t<div class=\"elementor-element elementor-element-6746c8b4 e-con-full e-flex e-con e-child\" data-id=\"6746c8b4\" data-element_type=\"container\" data-e-type=\"container\" data-settings=\"{&quot;background_background&quot;:&quot;classic&quot;}\">\n\t\t\t\t<div class=\"elementor-element elementor-element-443637c3 elementor-widget elementor-widget-spacer\" data-id=\"443637c3\" data-element_type=\"widget\" data-e-type=\"widget\" data-widget_type=\"spacer.default\">\n\t\t\t\t<div class=\"elementor-widget-container\">\n\t\t\t\t\t\t\t<div class=\"elementor-spacer\">\n\t\t\t<div class=\"elementor-spacer-inner\"><\/div>\n\t\t<\/div>\n\t\t\t\t\t\t<\/div>\n\t\t\t\t<\/div>\n\t\t\t\t<\/div>\n\t\t\t\t<\/div>\n\t\t\t\t<\/div>\n\t\t","protected":false},"excerpt":{"rendered":"<p>Calle Hortal d&#8217;en Pou, 56, 17200 Palafrugell, Girona Pedir cita Inicio \/ Mediaci\u00f3n y conciliaci\u00f3n en Derecho Civil Abogados para mediaci\u00f3n y conciliaci\u00f3n en Derecho Civil en Girona Soluci\u00f3n R\u00e1pida y Eficaz a los Conflictos En el \u00e1mbito del derecho civil, las disputas pueden surgir por cuestiones de contratos, propiedad, arrendamientos o da\u00f1os. A trav\u00e9s &#8230; <a title=\"Mediaci\u00f3n y conciliaci\u00f3n en Derecho Civil: Soluci\u00f3n R\u00e1pida y Eficaz a los Conflictos\" class=\"read-more\" href=\"https:\/\/porcel.legal\/es\/abogados-mediacion-conciliacion-derecho-civil-girona\/\" aria-label=\"Leer m\u00e1s sobre Mediaci\u00f3n y conciliaci\u00f3n en Derecho Civil: Soluci\u00f3n R\u00e1pida y Eficaz a los Conflictos\">Leer m\u00e1s<\/a><\/p>\n","protected":false},"author":1,"featured_media":0,"parent":0,"menu_order":0,"comment_status":"closed","ping_status":"closed","template":"elementor_header_footer","meta":{"inline_featured_image":false,"footnotes":""},"class_list":["post-15869","page","type-page","status-publish"],"_links":{"self":[{"href":"https:\/\/porcel.legal\/es\/wp-json\/wp\/v2\/pages\/15869","targetHints":{"allow":["GET"]}}],"collection":[{"href":"https:\/\/porcel.legal\/es\/wp-json\/wp\/v2\/pages"}],"about":[{"href":"https:\/\/porcel.legal\/es\/wp-json\/wp\/v2\/types\/page"}],"author":[{"embeddable":true,"href":"https:\/\/porcel.legal\/es\/wp-json\/wp\/v2\/users\/1"}],"replies":[{"embeddable":true,"href":"https:\/\/porcel.legal\/es\/wp-json\/wp\/v2\/comments?post=15869"}],"version-history":[{"count":15,"href":"https:\/\/porcel.legal\/es\/wp-json\/wp\/v2\/pages\/15869\/revisions"}],"predecessor-version":[{"id":16607,"href":"https:\/\/porcel.legal\/es\/wp-json\/wp\/v2\/pages\/15869\/revisions\/16607"}],"wp:attachment":[{"href":"https:\/\/porcel.legal\/es\/wp-json\/wp\/v2\/media?parent=15869"}],"curies":[{"name":"wp","href":"https:\/\/api.w.org\/{rel}","templated":true}]}}