{"id":15862,"date":"2025-04-10T21:51:03","date_gmt":"2025-04-10T19:51:03","guid":{"rendered":"https:\/\/porcel.legal\/mediacion-y-conciliacion-en-contratos-y-contratos-inmobiliarios\/"},"modified":"2025-07-17T11:29:50","modified_gmt":"2025-07-17T09:29:50","slug":"mediacion-y-conciliacion-en-contratos-y-contratos-inmobiliarios","status":"publish","type":"page","link":"https:\/\/porcel.legal\/es\/abogados-mediacion-conciliacion-contratos-inmobiliarios-girona\/","title":{"rendered":"Mediaci\u00f3n y conciliaci\u00f3n en Contratos y contratos inmobiliarios"},"content":{"rendered":"\t\t<div data-elementor-type=\"wp-page\" data-elementor-id=\"15862\" class=\"elementor elementor-15862 elementor-15857\" data-elementor-post-type=\"page\">\n\t\t\t\t<div class=\"elementor-element elementor-element-6e83783d e-flex e-con-boxed e-con e-parent\" data-id=\"6e83783d\" data-element_type=\"container\" data-e-type=\"container\">\n\t\t\t\t\t<div class=\"e-con-inner\">\n\t\t<div class=\"elementor-element elementor-element-658a3e0a e-con-full e-flex e-con e-child\" data-id=\"658a3e0a\" data-element_type=\"container\" data-e-type=\"container\" data-settings=\"{&quot;sticky&quot;:&quot;top&quot;,&quot;sticky_on&quot;:[&quot;desktop&quot;],&quot;sticky_offset&quot;:30,&quot;sticky_parent&quot;:&quot;yes&quot;,&quot;sticky_effects_offset&quot;:0,&quot;sticky_anchor_link_offset&quot;:0}\">\n\t\t<div class=\"elementor-element elementor-element-2bb4254e e-flex e-con-boxed e-con e-child\" data-id=\"2bb4254e\" data-element_type=\"container\" data-e-type=\"container\" data-settings=\"{&quot;background_background&quot;:&quot;classic&quot;}\">\n\t\t\t\t\t<div class=\"e-con-inner\">\n\t\t\t\t<div class=\"elementor-element elementor-element-11821650 elementor-widget elementor-widget-image\" data-id=\"11821650\" data-element_type=\"widget\" data-e-type=\"widget\" data-widget_type=\"image.default\">\n\t\t\t\t<div class=\"elementor-widget-container\">\n\t\t\t\t\t\t\t\t\t\t\t\t\t\t\t<img fetchpriority=\"high\" decoding=\"async\" width=\"1024\" height=\"197\" src=\"https:\/\/porcel.legal\/wp-content\/uploads\/2024\/06\/logo-porcel.png\" class=\"attachment-large size-large wp-image-690\" alt=\"\" srcset=\"https:\/\/porcel.legal\/wp-content\/uploads\/2024\/06\/logo-porcel.png 1024w, https:\/\/porcel.legal\/wp-content\/uploads\/2024\/06\/logo-porcel-300x58.png 300w, https:\/\/porcel.legal\/wp-content\/uploads\/2024\/06\/logo-porcel-768x148.png 768w\" sizes=\"(max-width: 1024px) 100vw, 1024px\">\t\t\t\t\t\t\t\t\t\t\t\t\t\t\t<\/div>\n\t\t\t\t<\/div>\n\t\t\t\t<div class=\"elementor-element elementor-element-8f3b84a elementor-align-center elementor-icon-list--layout-traditional elementor-list-item-link-full_width elementor-widget elementor-widget-icon-list\" data-id=\"8f3b84a\" data-element_type=\"widget\" data-e-type=\"widget\" data-widget_type=\"icon-list.default\">\n\t\t\t\t<div class=\"elementor-widget-container\">\n\t\t\t\t\t\t\t<ul class=\"elementor-icon-list-items\">\n\t\t\t\t\t\t\t<li class=\"elementor-icon-list-item\">\n\t\t\t\t\t\t\t\t\t\t\t<a href=\"https:\/\/www.google.com\/maps\/place\/Porcel+Advocats\/@41.9162128,3.1629811,17z\/data=!3m1!4b1!4m6!3m5!1s0x12ba5462adad0f89:0x5b312fb302775704!8m2!3d41.9162089!4d3.167852!16s%2Fg%2F11dxd9jtkv?entry=ttu\" target=\"_blank\" rel=\"nofollow noopener\">\n\n\t\t\t\t\t\t\t\t\t\t\t<span class=\"elementor-icon-list-text\">Calle Hortal d'en Pou, 56, 17200 Palafrugell, Girona<\/span>\n\t\t\t\t\t\t\t\t\t\t\t<\/a>\n\t\t\t\t\t\t\t\t\t<\/li>\n\t\t\t\t\t\t<\/ul>\n\t\t\t\t\t\t<\/div>\n\t\t\t\t<\/div>\n\t\t\t\t<div class=\"elementor-element elementor-element-26cafa92 elementor-mobile-align-center elementor-widget elementor-widget-button\" data-id=\"26cafa92\" data-element_type=\"widget\" data-e-type=\"widget\" data-widget_type=\"button.default\">\n\t\t\t\t<div class=\"elementor-widget-container\">\n\t\t\t\t\t\t\t\t\t<div class=\"elementor-button-wrapper\">\n\t\t\t\t\t<a class=\"elementor-button elementor-button-link elementor-size-sm elementor-animation-shrink\" href=\"#contacto\">\n\t\t\t\t\t\t<span class=\"elementor-button-content-wrapper\">\n\t\t\t\t\t\t\t\t\t<span class=\"elementor-button-text\">Pedir cita<\/span>\n\t\t\t\t\t<\/span>\n\t\t\t\t\t<\/a>\n\t\t\t\t<\/div>\n\t\t\t\t\t\t\t\t<\/div>\n\t\t\t\t<\/div>\n\t\t\t\t\t<\/div>\n\t\t\t\t<\/div>\n\t\t\t\t<\/div>\n\t\t<div class=\"elementor-element elementor-element-5502ec30 e-con-full e-flex e-con e-child\" data-id=\"5502ec30\" data-element_type=\"container\" data-e-type=\"container\">\n\t\t<div class=\"elementor-element elementor-element-752b9d96 e-flex e-con-boxed e-con e-child\" data-id=\"752b9d96\" data-element_type=\"container\" data-e-type=\"container\">\n\t\t\t\t\t<div class=\"e-con-inner\">\n\t\t\t\t<div class=\"elementor-element elementor-element-576575ab breadcrumb elementor-widget elementor-widget-text-editor\" data-id=\"576575ab\" data-element_type=\"widget\" data-e-type=\"widget\" data-widget_type=\"text-editor.default\">\n\t\t\t\t<div class=\"elementor-widget-container\">\n\t\t\t\t\t\t\t\t\t<a href=\"\/\">Inicio<\/a> \/ Mediaci\u00f3n y conciliaci\u00f3n en Contratos y contratos inmobiliarios\t\t\t\t\t\t\t\t<\/div>\n\t\t\t\t<\/div>\n\t\t\t\t<div class=\"elementor-element elementor-element-4504b7d9 elementor-widget elementor-widget-heading\" data-id=\"4504b7d9\" data-element_type=\"widget\" data-e-type=\"widget\" data-widget_type=\"heading.default\">\n\t\t\t\t<div class=\"elementor-widget-container\">\n\t\t\t\t\t<h1 class=\"elementor-heading-title elementor-size-default\">Abogados para mediaci\u00f3n y conciliaci\u00f3n en Contratos y contratos inmobiliarios en Girona<\/h1>\t\t\t\t<\/div>\n\t\t\t\t<\/div>\n\t\t\t\t<div class=\"elementor-element elementor-element-4339dd90 elementor-widget elementor-widget-heading\" data-id=\"4339dd90\" data-element_type=\"widget\" data-e-type=\"widget\" data-widget_type=\"heading.default\">\n\t\t\t\t<div class=\"elementor-widget-container\">\n\t\t\t\t\t<h2 class=\"elementor-heading-title elementor-size-default\">Resoluci\u00f3n de Conflictos Contractuales<\/h2>\t\t\t\t<\/div>\n\t\t\t\t<\/div>\n\t\t\t\t<div class=\"elementor-element elementor-element-41d59177 elementor-widget elementor-widget-text-editor\" data-id=\"41d59177\" data-element_type=\"widget\" data-e-type=\"widget\" data-widget_type=\"text-editor.default\">\n\t\t\t\t<div class=\"elementor-widget-container\">\n\t\t\t\t\t\t\t\t\tLos contratos de cual \u00edndole y contratos inmobiliarios son fundamentales en la compraventa, arrendamientos, o en la construcci\u00f3n de propiedades. Sin embargo, pueden surgir disputas por incumplimiento de las condiciones contractuales, interpretaci\u00f3n de cl\u00e1usulas, pagos no realizados, o demoras en la entrega de bienes. La mediaci\u00f3n o conciliaci\u00f3n en contratos y contratos inmobiliarios es una excelente opci\u00f3n dentro de la resoluci\u00f3n alternativa de conflictos (MASC), ya que ofrece una v\u00eda r\u00e1pida, menos costosa y menos invasiva para resolver los desacuerdos. La conciliaci\u00f3n y mediaci\u00f3n juega un papel esencial en este proceso, ya que permite a las partes llegar a un acuerdo sin necesidad de un juicio.   \t\t\t\t\t\t\t\t<\/div>\n\t\t\t\t<\/div>\n\t\t\t\t\t<\/div>\n\t\t\t\t<\/div>\n\t\t<div class=\"elementor-element elementor-element-677b4467 e-flex e-con-boxed e-con e-child\" data-id=\"677b4467\" data-element_type=\"container\" data-e-type=\"container\">\n\t\t\t\t\t<div class=\"e-con-inner\">\n\t\t\t\t<div class=\"elementor-element elementor-element-78f54179 elementor-widget elementor-widget-heading\" data-id=\"78f54179\" data-element_type=\"widget\" data-e-type=\"widget\" data-widget_type=\"heading.default\">\n\t\t\t\t<div class=\"elementor-widget-container\">\n\t\t\t\t\t<h2 class=\"elementor-heading-title elementor-size-default\">\u00bfEn qu\u00e9 consiste el proceso?<\/h2>\t\t\t\t<\/div>\n\t\t\t\t<\/div>\n\t\t\t\t<div class=\"elementor-element elementor-element-37f8db3b elementor-widget elementor-widget-text-editor\" data-id=\"37f8db3b\" data-element_type=\"widget\" data-e-type=\"widget\" data-widget_type=\"text-editor.default\">\n\t\t\t\t<div class=\"elementor-widget-container\">\n\t\t\t\t\t\t\t\t\tEl proceso de mediaci\u00f3n y conciliaci\u00f3n comienza con una reuni\u00f3n inicial en la que el mediador explica el procedimiento y las reglas a seguir. El mediador o conciliador act\u00faa como un tercero imparcial que facilita la comunicaci\u00f3n entre las partes, ayud\u00e1ndolas a identificar sus intereses y explorar diversas soluciones. A lo largo del proceso, las partes trabajan juntas para llegar a una soluci\u00f3n que sea beneficiosa para ambas.  \t\t\t\t\t\t\t\t<\/div>\n\t\t\t\t<\/div>\n\t\t\t\t\t<\/div>\n\t\t\t\t<\/div>\n\t\t<div class=\"elementor-element elementor-element-4fe15de5 e-flex e-con-boxed e-con e-child\" data-id=\"4fe15de5\" data-element_type=\"container\" data-e-type=\"container\">\n\t\t\t\t\t<div class=\"e-con-inner\">\n\t\t\t\t<div class=\"elementor-element elementor-element-bd2fd66 elementor-widget elementor-widget-heading\" data-id=\"bd2fd66\" data-element_type=\"widget\" data-e-type=\"widget\" data-widget_type=\"heading.default\">\n\t\t\t\t<div class=\"elementor-widget-container\">\n\t\t\t\t\t<h2 class=\"elementor-heading-title elementor-size-default\">Fases del proceso:<\/h2>\t\t\t\t<\/div>\n\t\t\t\t<\/div>\n\t\t\t\t<div class=\"elementor-element elementor-element-5e97c0ba elementor-widget elementor-widget-text-editor\" data-id=\"5e97c0ba\" data-element_type=\"widget\" data-e-type=\"widget\" data-widget_type=\"text-editor.default\">\n\t\t\t\t<div class=\"elementor-widget-container\">\n\t\t\t\t\t\t\t\t\t<ol>\n \t<li aria-level=\"1\">Primera reuni\u00f3n informativa: El mediador introduce el proceso y establece las reglas.<\/li>\n \t<li aria-level=\"1\">Exploraci\u00f3n de los conflictos contractuales: Se identifican los puntos en disputa y los intereses de las partes.<\/li>\n \t<li aria-level=\"1\">Generaci\u00f3n de opciones: Se presentan varias soluciones posibles para resolver los conflictos contractuales.<\/li>\n \t<li aria-level=\"1\">Acuerdo: El acuerdo alcanzado se formaliza en un documento legal vinculante.<\/li>\n<\/ol>\t\t\t\t\t\t\t\t<\/div>\n\t\t\t\t<\/div>\n\t\t\t\t\t<\/div>\n\t\t\t\t<\/div>\n\t\t<div class=\"elementor-element elementor-element-5b397bae e-flex e-con-boxed e-con e-child\" data-id=\"5b397bae\" data-element_type=\"container\" data-e-type=\"container\">\n\t\t\t\t\t<div class=\"e-con-inner\">\n\t\t\t\t<div class=\"elementor-element elementor-element-455358b4 elementor-widget elementor-widget-heading\" data-id=\"455358b4\" data-element_type=\"widget\" data-e-type=\"widget\" data-widget_type=\"heading.default\">\n\t\t\t\t<div class=\"elementor-widget-container\">\n\t\t\t\t\t<h2 class=\"elementor-heading-title elementor-size-default\">Beneficios:<\/h2>\t\t\t\t<\/div>\n\t\t\t\t<\/div>\n\t\t\t\t<div class=\"elementor-element elementor-element-5899111 elementor-widget elementor-widget-text-editor\" data-id=\"5899111\" data-element_type=\"widget\" data-e-type=\"widget\" data-widget_type=\"text-editor.default\">\n\t\t\t\t<div class=\"elementor-widget-container\">\n\t\t\t\t\t\t\t\t\t<ul>\n \t<li aria-level=\"1\">Ahorro de tiempo y dinero al evitar largos litigios.<\/li>\n<\/ul>\n<ul>\n \t<li aria-level=\"1\">Mayor control sobre la resoluci\u00f3n del conflicto, ya que las partes participan activamente en la creaci\u00f3n de soluciones.<\/li>\n<\/ul>\n<ul>\n \t<li aria-level=\"1\">Confidencialidad que protege la informaci\u00f3n privada de las partes.<\/li>\n<\/ul>\n<ul>\n \t<li aria-level=\"1\">Soluciones personalizadas que se ajustan a las necesidades espec\u00edficas de las partes involucradas.<\/li>\n<\/ul>\t\t\t\t\t\t\t\t<\/div>\n\t\t\t\t<\/div>\n\t\t\t\t\t<\/div>\n\t\t\t\t<\/div>\n\t\t<div class=\"elementor-element elementor-element-204358f2 e-flex e-con-boxed e-con e-child\" data-id=\"204358f2\" data-element_type=\"container\" data-e-type=\"container\">\n\t\t\t\t\t<div class=\"e-con-inner\">\n\t\t\t\t<div class=\"elementor-element elementor-element-58a1b010 elementor-widget elementor-widget-heading\" data-id=\"58a1b010\" data-element_type=\"widget\" data-e-type=\"widget\" data-widget_type=\"heading.default\">\n\t\t\t\t<div class=\"elementor-widget-container\">\n\t\t\t\t\t<h2 class=\"elementor-heading-title elementor-size-default\">\u00bfTienes un conflicto relacionado con un contrato inmobiliario?<\/h2>\t\t\t\t<\/div>\n\t\t\t\t<\/div>\n\t\t\t\t<div class=\"elementor-element elementor-element-443f13f2 elementor-widget elementor-widget-text-editor\" data-id=\"443f13f2\" data-element_type=\"widget\" data-e-type=\"widget\" data-widget_type=\"text-editor.default\">\n\t\t\t\t<div class=\"elementor-widget-container\">\n\t\t\t\t\t\t\t\t\tSi est\u00e1s involucrado en una disputa contractual y deseas resolverlo de manera eficiente y pac\u00edfica, contacta con nosotros. Nuestro equipo de mediadores expertos te guiar\u00e1 hacia una soluci\u00f3n satisfactoria. \n\t\t\t\t\t\t\t\t<\/div>\n\t\t\t\t<\/div>\n\t\t\t\t\t<\/div>\n\t\t\t\t<\/div>\n\t\t<div class=\"elementor-element elementor-element-7cb129e e-con-full e-flex e-con e-child\" data-id=\"7cb129e\" data-element_type=\"container\" data-e-type=\"container\">\n\t\t\t\t<div class=\"elementor-element elementor-element-c15f662 elementor-widget elementor-widget-shortcode\" data-id=\"c15f662\" data-element_type=\"widget\" data-e-type=\"widget\" data-widget_type=\"shortcode.default\">\n\t\t\t\t<div class=\"elementor-widget-container\">\n\t\t\t\t\t\t\t<div class=\"elementor-shortcode\">\t\t<div data-elementor-type=\"container\" data-elementor-id=\"16589\" class=\"elementor elementor-16589\" data-elementor-post-type=\"elementor_library\">\n\t\t\t\t<div class=\"elementor-element elementor-element-0d4c263 e-flex e-con-boxed e-con e-parent\" data-id=\"0d4c263\" data-element_type=\"container\" data-e-type=\"container\">\n\t\t\t\t\t<div class=\"e-con-inner\">\n\t\t\t\t<div class=\"elementor-element elementor-element-f9991d1 elementor-widget elementor-widget-heading\" data-id=\"f9991d1\" data-element_type=\"widget\" data-e-type=\"widget\" data-widget_type=\"heading.default\">\n\t\t\t\t<div class=\"elementor-widget-container\">\n\t\t\t\t\t<h2 class=\"elementor-heading-title elementor-size-default\">Nuestros clientes nos recomiendan<\/h2>\t\t\t\t<\/div>\n\t\t\t\t<\/div>\n\t\t\t\t\t<\/div>\n\t\t\t\t<\/div>\n\t\t<div class=\"elementor-element elementor-element-217bbae4 e-con-full e-flex e-con e-child\" data-id=\"217bbae4\" data-element_type=\"container\" data-e-type=\"container\">\n\t\t\t\t<div class=\"elementor-element elementor-element-69cd295 elementor-widget elementor-widget-html\" data-id=\"69cd295\" data-element_type=\"widget\" data-e-type=\"widget\" data-widget_type=\"html.default\">\n\t\t\t\t<div class=\"elementor-widget-container\">\n\t\t\t\t\t<script defer async src='https:\/\/cdn.trustindex.io\/loader.js?48174055082b2067163668e54d1'><\/script>\t\t\t\t<\/div>\n\t\t\t\t<\/div>\n\t\t\t\t<\/div>\n\t\t\t\t<\/div>\n\t\t<\/div>\n\t\t\t\t\t\t<\/div>\n\t\t\t\t<\/div>\n\t\t\t\t<\/div>\n\t\t\t\t<\/div>\n\t\t\t\t\t<\/div>\n\t\t\t\t<\/div>\n\t\t<div class=\"elementor-element elementor-element-2f187958 e-con-full e-flex e-con e-parent\" data-id=\"2f187958\" data-element_type=\"container\" data-e-type=\"container\" id=\"contacto\" data-settings=\"{&quot;background_background&quot;:&quot;classic&quot;}\">\n\t\t<div class=\"elementor-element elementor-element-22919f9f e-con-full e-flex e-con e-child\" data-id=\"22919f9f\" data-element_type=\"container\" data-e-type=\"container\" data-settings=\"{&quot;background_background&quot;:&quot;classic&quot;}\">\n\t\t<div class=\"elementor-element elementor-element-482d1d94 e-con-full form-col e-flex e-con e-child\" data-id=\"482d1d94\" data-element_type=\"container\" data-e-type=\"container\">\n\t\t\t\t<div class=\"elementor-element elementor-element-7f91aa0 elementor-widget__width-inherit elementor-widget elementor-widget-heading\" data-id=\"7f91aa0\" data-element_type=\"widget\" data-e-type=\"widget\" data-widget_type=\"heading.default\">\n\t\t\t\t<div class=\"elementor-widget-container\">\n\t\t\t\t\t<span class=\"elementor-heading-title elementor-size-default\">P\u00cdDENOS TU CITA PRESENCIAL O VIDEOCITA<\/span>\t\t\t\t<\/div>\n\t\t\t\t<\/div>\n\t\t\t\t<div class=\"elementor-element elementor-element-44b707d1 elementor-widget elementor-widget-heading\" data-id=\"44b707d1\" data-element_type=\"widget\" data-e-type=\"widget\" data-widget_type=\"heading.default\">\n\t\t\t\t<div class=\"elementor-widget-container\">\n\t\t\t\t\t<div class=\"elementor-heading-title elementor-size-default\">Env\u00edanos tu consulta<\/div>\t\t\t\t<\/div>\n\t\t\t\t<\/div>\n\t\t\t\t<div class=\"elementor-element elementor-element-64d7e038 elementor-widget elementor-widget-text-editor\" data-id=\"64d7e038\" data-element_type=\"widget\" data-e-type=\"widget\" data-widget_type=\"text-editor.default\">\n\t\t\t\t<div class=\"elementor-widget-container\">\n\t\t\t\t\t\t\t\t\tSi tienes alguna pregunta, necesitas asesoramiento legal o deseas m\u00e1s informaci\u00f3n sobre nuestros servicios, no dudes en ponerte en contacto con nosotros.\t\t\t\t\t\t\t\t<\/div>\n\t\t\t\t<\/div>\n\t\t\t\t<div class=\"elementor-element elementor-element-6dd13079 elementor-widget elementor-widget-shortcode\" data-id=\"6dd13079\" data-element_type=\"widget\" data-e-type=\"widget\" data-widget_type=\"shortcode.default\">\n\t\t\t\t<div class=\"elementor-widget-container\">\n\t\t\t\t\t\t\t<div class=\"elementor-shortcode\"><p class=\"wpcf7-contact-form-not-found\"><strong>Error:<\/strong> Formulario de contacto no encontrado.<\/p><\/div>\n\t\t\t\t\t\t<\/div>\n\t\t\t\t<\/div>\n\t\t\t\t<div class=\"elementor-element elementor-element-1e8d20ef elementor-widget elementor-widget-html\" data-id=\"1e8d20ef\" data-element_type=\"widget\" data-e-type=\"widget\" data-widget_type=\"html.default\">\n\t\t\t\t<div class=\"elementor-widget-container\">\n\t\t\t\t\t<script>document.addEventListener( 'wpcf7mailsent', function( event ) {\r\n    setTimeout( () => {\r\n        location = 'https:\/\/porcel.legal\/gracies\/';\r\n    }, 1600 );\r\n}, false );\r\n<\/script>\t\t\t\t<\/div>\n\t\t\t\t<\/div>\n\t\t\t\t<\/div>\n\t\t\t\t<\/div>\n\t\t<div class=\"elementor-element elementor-element-33f910e5 e-con-full e-flex e-con e-child\" data-id=\"33f910e5\" data-element_type=\"container\" data-e-type=\"container\" data-settings=\"{&quot;background_background&quot;:&quot;classic&quot;}\">\n\t\t\t\t<div class=\"elementor-element elementor-element-6513c060 elementor-widget elementor-widget-spacer\" data-id=\"6513c060\" data-element_type=\"widget\" data-e-type=\"widget\" data-widget_type=\"spacer.default\">\n\t\t\t\t<div class=\"elementor-widget-container\">\n\t\t\t\t\t\t\t<div class=\"elementor-spacer\">\n\t\t\t<div class=\"elementor-spacer-inner\"><\/div>\n\t\t<\/div>\n\t\t\t\t\t\t<\/div>\n\t\t\t\t<\/div>\n\t\t\t\t<\/div>\n\t\t\t\t<\/div>\n\t\t\t\t<\/div>\n\t\t","protected":false},"excerpt":{"rendered":"<p>Calle Hortal d&#8217;en Pou, 56, 17200 Palafrugell, Girona Pedir cita Inicio \/ Mediaci\u00f3n y conciliaci\u00f3n en Contratos y contratos inmobiliarios Abogados para mediaci\u00f3n y conciliaci\u00f3n en Contratos y contratos inmobiliarios en Girona Resoluci\u00f3n de Conflictos Contractuales Los contratos de cual \u00edndole y contratos inmobiliarios son fundamentales en la compraventa, arrendamientos, o en la construcci\u00f3n de &#8230; <a title=\"Mediaci\u00f3n y conciliaci\u00f3n en Contratos y contratos inmobiliarios\" class=\"read-more\" href=\"https:\/\/porcel.legal\/es\/abogados-mediacion-conciliacion-contratos-inmobiliarios-girona\/\" aria-label=\"Leer m\u00e1s sobre Mediaci\u00f3n y conciliaci\u00f3n en Contratos y contratos inmobiliarios\">Leer m\u00e1s<\/a><\/p>\n","protected":false},"author":1,"featured_media":0,"parent":0,"menu_order":0,"comment_status":"closed","ping_status":"closed","template":"","meta":{"inline_featured_image":false,"footnotes":""},"class_list":["post-15862","page","type-page","status-publish"],"_links":{"self":[{"href":"https:\/\/porcel.legal\/es\/wp-json\/wp\/v2\/pages\/15862","targetHints":{"allow":["GET"]}}],"collection":[{"href":"https:\/\/porcel.legal\/es\/wp-json\/wp\/v2\/pages"}],"about":[{"href":"https:\/\/porcel.legal\/es\/wp-json\/wp\/v2\/types\/page"}],"author":[{"embeddable":true,"href":"https:\/\/porcel.legal\/es\/wp-json\/wp\/v2\/users\/1"}],"replies":[{"embeddable":true,"href":"https:\/\/porcel.legal\/es\/wp-json\/wp\/v2\/comments?post=15862"}],"version-history":[{"count":15,"href":"https:\/\/porcel.legal\/es\/wp-json\/wp\/v2\/pages\/15862\/revisions"}],"predecessor-version":[{"id":16619,"href":"https:\/\/porcel.legal\/es\/wp-json\/wp\/v2\/pages\/15862\/revisions\/16619"}],"wp:attachment":[{"href":"https:\/\/porcel.legal\/es\/wp-json\/wp\/v2\/media?parent=15862"}],"curies":[{"name":"wp","href":"https:\/\/api.w.org\/{rel}","templated":true}]}}