{"id":15848,"date":"2025-04-10T21:37:11","date_gmt":"2025-04-10T19:37:11","guid":{"rendered":"https:\/\/porcel.legal\/mediacion-y-conciliacion-en-asuntos-de-familia\/"},"modified":"2025-07-17T11:30:40","modified_gmt":"2025-07-17T09:30:40","slug":"mediacion-y-conciliacion-en-asuntos-de-familia","status":"publish","type":"page","link":"https:\/\/porcel.legal\/es\/abogados-mediacion-conciliacion-familiar-girona\/","title":{"rendered":"Mediaci\u00f3n y Conciliaci\u00f3n en Asuntos de Familia"},"content":{"rendered":"\t\t<div data-elementor-type=\"wp-page\" data-elementor-id=\"15848\" class=\"elementor elementor-15848 elementor-15837\" data-elementor-post-type=\"page\">\n\t\t\t\t<div class=\"elementor-element elementor-element-42b9191d e-flex e-con-boxed e-con e-parent\" data-id=\"42b9191d\" data-element_type=\"container\" data-e-type=\"container\">\n\t\t\t\t\t<div class=\"e-con-inner\">\n\t\t<div class=\"elementor-element elementor-element-2a61ac38 e-con-full e-flex e-con e-child\" data-id=\"2a61ac38\" data-element_type=\"container\" data-e-type=\"container\" data-settings=\"{&quot;sticky&quot;:&quot;top&quot;,&quot;sticky_on&quot;:[&quot;desktop&quot;],&quot;sticky_offset&quot;:30,&quot;sticky_parent&quot;:&quot;yes&quot;,&quot;sticky_effects_offset&quot;:0,&quot;sticky_anchor_link_offset&quot;:0}\">\n\t\t<div class=\"elementor-element elementor-element-1ce32315 e-flex e-con-boxed e-con e-child\" data-id=\"1ce32315\" data-element_type=\"container\" data-e-type=\"container\" data-settings=\"{&quot;background_background&quot;:&quot;classic&quot;}\">\n\t\t\t\t\t<div class=\"e-con-inner\">\n\t\t\t\t<div class=\"elementor-element elementor-element-5955c63c elementor-widget elementor-widget-image\" data-id=\"5955c63c\" data-element_type=\"widget\" data-e-type=\"widget\" data-widget_type=\"image.default\">\n\t\t\t\t<div class=\"elementor-widget-container\">\n\t\t\t\t\t\t\t\t\t\t\t\t\t\t\t<img fetchpriority=\"high\" decoding=\"async\" width=\"1024\" height=\"197\" src=\"https:\/\/porcel.legal\/wp-content\/uploads\/2024\/06\/logo-porcel.png\" class=\"attachment-large size-large wp-image-690\" alt=\"\" srcset=\"https:\/\/porcel.legal\/wp-content\/uploads\/2024\/06\/logo-porcel.png 1024w, https:\/\/porcel.legal\/wp-content\/uploads\/2024\/06\/logo-porcel-300x58.png 300w, https:\/\/porcel.legal\/wp-content\/uploads\/2024\/06\/logo-porcel-768x148.png 768w\" sizes=\"(max-width: 1024px) 100vw, 1024px\">\t\t\t\t\t\t\t\t\t\t\t\t\t\t\t<\/div>\n\t\t\t\t<\/div>\n\t\t\t\t<div class=\"elementor-element elementor-element-585f42ea elementor-align-center elementor-icon-list--layout-traditional elementor-list-item-link-full_width elementor-widget elementor-widget-icon-list\" data-id=\"585f42ea\" data-element_type=\"widget\" data-e-type=\"widget\" data-widget_type=\"icon-list.default\">\n\t\t\t\t<div class=\"elementor-widget-container\">\n\t\t\t\t\t\t\t<ul class=\"elementor-icon-list-items\">\n\t\t\t\t\t\t\t<li class=\"elementor-icon-list-item\">\n\t\t\t\t\t\t\t\t\t\t\t<a href=\"https:\/\/www.google.com\/maps\/place\/Porcel+Advocats\/@41.9162128,3.1629811,17z\/data=!3m1!4b1!4m6!3m5!1s0x12ba5462adad0f89:0x5b312fb302775704!8m2!3d41.9162089!4d3.167852!16s%2Fg%2F11dxd9jtkv?entry=ttu\" target=\"_blank\" rel=\"nofollow noopener\">\n\n\t\t\t\t\t\t\t\t\t\t\t<span class=\"elementor-icon-list-text\">Calle Hortal d'en Pou, 56, 17200 Palafrugell, Girona<\/span>\n\t\t\t\t\t\t\t\t\t\t\t<\/a>\n\t\t\t\t\t\t\t\t\t<\/li>\n\t\t\t\t\t\t<\/ul>\n\t\t\t\t\t\t<\/div>\n\t\t\t\t<\/div>\n\t\t\t\t<div class=\"elementor-element elementor-element-33507edc elementor-mobile-align-center elementor-widget elementor-widget-button\" data-id=\"33507edc\" data-element_type=\"widget\" data-e-type=\"widget\" data-widget_type=\"button.default\">\n\t\t\t\t<div class=\"elementor-widget-container\">\n\t\t\t\t\t\t\t\t\t<div class=\"elementor-button-wrapper\">\n\t\t\t\t\t<a class=\"elementor-button elementor-button-link elementor-size-sm elementor-animation-shrink\" href=\"#contacto\">\n\t\t\t\t\t\t<span class=\"elementor-button-content-wrapper\">\n\t\t\t\t\t\t\t\t\t<span class=\"elementor-button-text\">Pedir cita<\/span>\n\t\t\t\t\t<\/span>\n\t\t\t\t\t<\/a>\n\t\t\t\t<\/div>\n\t\t\t\t\t\t\t\t<\/div>\n\t\t\t\t<\/div>\n\t\t\t\t\t<\/div>\n\t\t\t\t<\/div>\n\t\t\t\t<\/div>\n\t\t<div class=\"elementor-element elementor-element-61ccd6e2 e-con-full e-flex e-con e-child\" data-id=\"61ccd6e2\" data-element_type=\"container\" data-e-type=\"container\">\n\t\t<div class=\"elementor-element elementor-element-4955272b e-flex e-con-boxed e-con e-child\" data-id=\"4955272b\" data-element_type=\"container\" data-e-type=\"container\">\n\t\t\t\t\t<div class=\"e-con-inner\">\n\t\t\t\t<div class=\"elementor-element elementor-element-588b1f88 breadcrumb elementor-widget elementor-widget-text-editor\" data-id=\"588b1f88\" data-element_type=\"widget\" data-e-type=\"widget\" data-widget_type=\"text-editor.default\">\n\t\t\t\t<div class=\"elementor-widget-container\">\n\t\t\t\t\t\t\t\t\t<a href=\"\/\">Inicio<\/a> \/ Mediaci\u00f3n y Conciliaci\u00f3n en Asuntos de Familia\t\t\t\t\t\t\t\t<\/div>\n\t\t\t\t<\/div>\n\t\t\t\t<div class=\"elementor-element elementor-element-3bf4ea80 elementor-widget elementor-widget-heading\" data-id=\"3bf4ea80\" data-element_type=\"widget\" data-e-type=\"widget\" data-widget_type=\"heading.default\">\n\t\t\t\t<div class=\"elementor-widget-container\">\n\t\t\t\t\t<h1 class=\"elementor-heading-title elementor-size-default\">Abogados para mediaci\u00f3n y Conciliaci\u00f3n en Asuntos de Familia en Girona<\/h1>\t\t\t\t<\/div>\n\t\t\t\t<\/div>\n\t\t\t\t<div class=\"elementor-element elementor-element-3c3afc95 elementor-widget elementor-widget-heading\" data-id=\"3c3afc95\" data-element_type=\"widget\" data-e-type=\"widget\" data-widget_type=\"heading.default\">\n\t\t\t\t<div class=\"elementor-widget-container\">\n\t\t\t\t\t<h2 class=\"elementor-heading-title elementor-size-default\">Conciliaci\u00f3n y Resoluci\u00f3n de Conflictos<\/h2>\t\t\t\t<\/div>\n\t\t\t\t<\/div>\n\t\t\t\t<div class=\"elementor-element elementor-element-7fe62eb3 elementor-widget elementor-widget-text-editor\" data-id=\"7fe62eb3\" data-element_type=\"widget\" data-e-type=\"widget\" data-widget_type=\"text-editor.default\">\n\t\t\t\t<div class=\"elementor-widget-container\">\n\t\t\t\t\t\t\t\t\tLos asuntos de familia suelen ser especialmente sensibles, ya que las decisiones afectan a relaciones emocionales y familiares. La mediaci\u00f3n familiar es una forma de resoluci\u00f3n alternativa de conflictos (MASC) que ofrece una soluci\u00f3n amigable y eficiente para resolver disputas relacionadas con divorcios, custodias, visitas, pensiones alimenticias y otros asuntos familiares, sin la necesidad de pasar por un proceso judicial largo y costoso. La mediaci\u00f3n y la conciliaci\u00f3n es clave en este proceso, ya que permite a las partes encontrar puntos en com\u00fan y soluciones respetuosas para todos los involucrados, especialmente para los hijos.  \t\t\t\t\t\t\t\t<\/div>\n\t\t\t\t<\/div>\n\t\t\t\t\t<\/div>\n\t\t\t\t<\/div>\n\t\t<div class=\"elementor-element elementor-element-77a59de4 e-flex e-con-boxed e-con e-child\" data-id=\"77a59de4\" data-element_type=\"container\" data-e-type=\"container\">\n\t\t\t\t\t<div class=\"e-con-inner\">\n\t\t\t\t<div class=\"elementor-element elementor-element-7ad79f73 elementor-widget elementor-widget-heading\" data-id=\"7ad79f73\" data-element_type=\"widget\" data-e-type=\"widget\" data-widget_type=\"heading.default\">\n\t\t\t\t<div class=\"elementor-widget-container\">\n\t\t\t\t\t<h2 class=\"elementor-heading-title elementor-size-default\">\u00bfEn qu\u00e9 consiste el proceso?<\/h2>\t\t\t\t<\/div>\n\t\t\t\t<\/div>\n\t\t\t\t<div class=\"elementor-element elementor-element-17a41d6c elementor-widget elementor-widget-text-editor\" data-id=\"17a41d6c\" data-element_type=\"widget\" data-e-type=\"widget\" data-widget_type=\"text-editor.default\">\n\t\t\t\t<div class=\"elementor-widget-container\">\n\t\t\t\t\t\t\t\t\tEl proceso de mediaci\u00f3n o conciliaci\u00f3n familiar comienza con una primera reuni\u00f3n entre el mediador y las partes, donde se explican las reglas del proceso. El mediador o conciliador act\u00faa como facilitador imparcial, guiando a las partes para que encuentren soluciones que favorezcan a todas las partes involucradas, especialmente a los hijos, cuando los haya. A trav\u00e9s de sesiones conjuntas o separadas, las partes discuten las disputas y trabajan hacia un acuerdo que se adapte a sus necesidades.  \t\t\t\t\t\t\t\t<\/div>\n\t\t\t\t<\/div>\n\t\t\t\t\t<\/div>\n\t\t\t\t<\/div>\n\t\t<div class=\"elementor-element elementor-element-16598378 e-flex e-con-boxed e-con e-child\" data-id=\"16598378\" data-element_type=\"container\" data-e-type=\"container\">\n\t\t\t\t\t<div class=\"e-con-inner\">\n\t\t\t\t<div class=\"elementor-element elementor-element-4a8e5e47 elementor-widget elementor-widget-heading\" data-id=\"4a8e5e47\" data-element_type=\"widget\" data-e-type=\"widget\" data-widget_type=\"heading.default\">\n\t\t\t\t<div class=\"elementor-widget-container\">\n\t\t\t\t\t<h2 class=\"elementor-heading-title elementor-size-default\">Fases del proceso: \n<\/h2>\t\t\t\t<\/div>\n\t\t\t\t<\/div>\n\t\t\t\t<div class=\"elementor-element elementor-element-3010e619 elementor-widget elementor-widget-text-editor\" data-id=\"3010e619\" data-element_type=\"widget\" data-e-type=\"widget\" data-widget_type=\"text-editor.default\">\n\t\t\t\t<div class=\"elementor-widget-container\">\n\t\t\t\t\t\t\t\t\t<ol>\n \t<li aria-level=\"1\">Primera reuni\u00f3n informativa: El mediador explica el proceso y asegura que ambas partes comprendan sus derechos y la confidencialidad del proceso.<\/li>\n \t<li aria-level=\"1\">Exploraci\u00f3n de los temas: Las partes identifican sus intereses y preocupaciones.<\/li>\n \t<li aria-level=\"1\">Generaci\u00f3n de opciones: Se proponen posibles soluciones para resolver los conflictos.<\/li>\n \t<li aria-level=\"1\">Acuerdo: Una vez alcanzado un acuerdo, se formaliza en un documento legal que ambas partes firman.<\/li>\n<\/ol>\t\t\t\t\t\t\t\t<\/div>\n\t\t\t\t<\/div>\n\t\t\t\t\t<\/div>\n\t\t\t\t<\/div>\n\t\t<div class=\"elementor-element elementor-element-3381709c e-flex e-con-boxed e-con e-child\" data-id=\"3381709c\" data-element_type=\"container\" data-e-type=\"container\">\n\t\t\t\t\t<div class=\"e-con-inner\">\n\t\t\t\t<div class=\"elementor-element elementor-element-17735c10 elementor-widget elementor-widget-heading\" data-id=\"17735c10\" data-element_type=\"widget\" data-e-type=\"widget\" data-widget_type=\"heading.default\">\n\t\t\t\t<div class=\"elementor-widget-container\">\n\t\t\t\t\t<h2 class=\"elementor-heading-title elementor-size-default\">Beneficios:\n<\/h2>\t\t\t\t<\/div>\n\t\t\t\t<\/div>\n\t\t\t\t<div class=\"elementor-element elementor-element-25d262d1 elementor-widget elementor-widget-text-editor\" data-id=\"25d262d1\" data-element_type=\"widget\" data-e-type=\"widget\" data-widget_type=\"text-editor.default\">\n\t\t\t\t<div class=\"elementor-widget-container\">\n\t\t\t\t\t\t\t\t\t<ul><li aria-level=\"1\">Reducci\u00f3n del estr\u00e9s emocional al evitar la confrontaci\u00f3n directa en los tribunales.<\/li><\/ul><ul><li aria-level=\"1\">R\u00e1pida resoluci\u00f3n de los conflictos, evitando largos litigios.<\/li><\/ul><ul><li aria-level=\"1\">Mantenimiento de relaciones familiares y de cooperaci\u00f3n, especialmente en casos que involucran a los hijos.<\/li><\/ul><ul><li aria-level=\"1\">Soluciones personalizadas que se ajustan a las necesidades de cada familia.<\/li><\/ul><p> <\/p>\t\t\t\t\t\t\t\t<\/div>\n\t\t\t\t<\/div>\n\t\t\t\t\t<\/div>\n\t\t\t\t<\/div>\n\t\t<div class=\"elementor-element elementor-element-3de7f53c e-flex e-con-boxed e-con e-child\" data-id=\"3de7f53c\" data-element_type=\"container\" data-e-type=\"container\">\n\t\t\t\t\t<div class=\"e-con-inner\">\n\t\t\t\t<div class=\"elementor-element elementor-element-33ba4c89 elementor-widget elementor-widget-heading\" data-id=\"33ba4c89\" data-element_type=\"widget\" data-e-type=\"widget\" data-widget_type=\"heading.default\">\n\t\t\t\t<div class=\"elementor-widget-container\">\n\t\t\t\t\t<h2 class=\"elementor-heading-title elementor-size-default\">\u00bfEst\u00e1s enfrentando un conflicto familiar?<\/h2>\t\t\t\t<\/div>\n\t\t\t\t<\/div>\n\t\t\t\t<div class=\"elementor-element elementor-element-4a9be9 elementor-widget elementor-widget-text-editor\" data-id=\"4a9be9\" data-element_type=\"widget\" data-e-type=\"widget\" data-widget_type=\"text-editor.default\">\n\t\t\t\t<div class=\"elementor-widget-container\">\n\t\t\t\t\t\t\t\t\tSi necesitas resolver un asunto familiar de manera respetuosa y eficiente, te invitamos a contactarnos. Nuestro equipo de mediadores expertos est\u00e1 listo para ayudarte a alcanzar una soluci\u00f3n amigable. Contacta con nosotros da el primer paso hacia una resoluci\u00f3n pac\u00edfica.  \t\t\t\t\t\t\t\t<\/div>\n\t\t\t\t<\/div>\n\t\t\t\t\t<\/div>\n\t\t\t\t<\/div>\n\t\t<div class=\"elementor-element elementor-element-5040fd9 e-con-full e-flex e-con e-child\" data-id=\"5040fd9\" data-element_type=\"container\" data-e-type=\"container\">\n\t\t\t\t<div class=\"elementor-element elementor-element-efe3710 elementor-widget elementor-widget-shortcode\" data-id=\"efe3710\" data-element_type=\"widget\" data-e-type=\"widget\" data-widget_type=\"shortcode.default\">\n\t\t\t\t<div class=\"elementor-widget-container\">\n\t\t\t\t\t\t\t<div class=\"elementor-shortcode\">\t\t<div data-elementor-type=\"container\" data-elementor-id=\"16589\" class=\"elementor elementor-16589\" data-elementor-post-type=\"elementor_library\">\n\t\t\t\t<div class=\"elementor-element elementor-element-0d4c263 e-flex e-con-boxed e-con e-parent\" data-id=\"0d4c263\" data-element_type=\"container\" data-e-type=\"container\">\n\t\t\t\t\t<div class=\"e-con-inner\">\n\t\t\t\t<div class=\"elementor-element elementor-element-f9991d1 elementor-widget elementor-widget-heading\" data-id=\"f9991d1\" data-element_type=\"widget\" data-e-type=\"widget\" data-widget_type=\"heading.default\">\n\t\t\t\t<div class=\"elementor-widget-container\">\n\t\t\t\t\t<h2 class=\"elementor-heading-title elementor-size-default\">Nuestros clientes nos recomiendan<\/h2>\t\t\t\t<\/div>\n\t\t\t\t<\/div>\n\t\t\t\t\t<\/div>\n\t\t\t\t<\/div>\n\t\t<div class=\"elementor-element elementor-element-217bbae4 e-con-full e-flex e-con e-child\" data-id=\"217bbae4\" data-element_type=\"container\" data-e-type=\"container\">\n\t\t\t\t<div class=\"elementor-element elementor-element-69cd295 elementor-widget elementor-widget-html\" data-id=\"69cd295\" data-element_type=\"widget\" data-e-type=\"widget\" data-widget_type=\"html.default\">\n\t\t\t\t<div class=\"elementor-widget-container\">\n\t\t\t\t\t<script defer async src='https:\/\/cdn.trustindex.io\/loader.js?48174055082b2067163668e54d1'><\/script>\t\t\t\t<\/div>\n\t\t\t\t<\/div>\n\t\t\t\t<\/div>\n\t\t\t\t<\/div>\n\t\t<\/div>\n\t\t\t\t\t\t<\/div>\n\t\t\t\t<\/div>\n\t\t\t\t<\/div>\n\t\t\t\t<\/div>\n\t\t\t\t\t<\/div>\n\t\t\t\t<\/div>\n\t\t<div class=\"elementor-element elementor-element-2c2a1d8e e-con-full e-flex e-con e-parent\" data-id=\"2c2a1d8e\" data-element_type=\"container\" data-e-type=\"container\" id=\"contacto\" data-settings=\"{&quot;background_background&quot;:&quot;classic&quot;}\">\n\t\t<div class=\"elementor-element elementor-element-4a8311b8 e-con-full e-flex e-con e-child\" data-id=\"4a8311b8\" data-element_type=\"container\" data-e-type=\"container\" data-settings=\"{&quot;background_background&quot;:&quot;classic&quot;}\">\n\t\t<div class=\"elementor-element elementor-element-216ff6e5 e-con-full form-col e-flex e-con e-child\" data-id=\"216ff6e5\" data-element_type=\"container\" data-e-type=\"container\">\n\t\t\t\t<div class=\"elementor-element elementor-element-2eeb5dae elementor-widget__width-inherit elementor-widget elementor-widget-heading\" data-id=\"2eeb5dae\" data-element_type=\"widget\" data-e-type=\"widget\" data-widget_type=\"heading.default\">\n\t\t\t\t<div class=\"elementor-widget-container\">\n\t\t\t\t\t<span class=\"elementor-heading-title elementor-size-default\">P\u00cdDENOS TU CITA PRESENCIAL O VIDEOCITA<\/span>\t\t\t\t<\/div>\n\t\t\t\t<\/div>\n\t\t\t\t<div class=\"elementor-element elementor-element-5d39451f elementor-widget elementor-widget-heading\" data-id=\"5d39451f\" data-element_type=\"widget\" data-e-type=\"widget\" data-widget_type=\"heading.default\">\n\t\t\t\t<div class=\"elementor-widget-container\">\n\t\t\t\t\t<div class=\"elementor-heading-title elementor-size-default\">Env\u00edanos tu consulta<\/div>\t\t\t\t<\/div>\n\t\t\t\t<\/div>\n\t\t\t\t<div class=\"elementor-element elementor-element-36a578e8 elementor-widget elementor-widget-text-editor\" data-id=\"36a578e8\" data-element_type=\"widget\" data-e-type=\"widget\" data-widget_type=\"text-editor.default\">\n\t\t\t\t<div class=\"elementor-widget-container\">\n\t\t\t\t\t\t\t\t\tSi tienes alguna pregunta, necesitas asesoramiento legal o deseas m\u00e1s informaci\u00f3n sobre nuestros servicios, no dudes en ponerte en contacto con nosotros.\t\t\t\t\t\t\t\t<\/div>\n\t\t\t\t<\/div>\n\t\t\t\t<div class=\"elementor-element elementor-element-1f9f5b81 elementor-widget elementor-widget-shortcode\" data-id=\"1f9f5b81\" data-element_type=\"widget\" data-e-type=\"widget\" data-widget_type=\"shortcode.default\">\n\t\t\t\t<div class=\"elementor-widget-container\">\n\t\t\t\t\t\t\t<div class=\"elementor-shortcode\"><p class=\"wpcf7-contact-form-not-found\"><strong>Error:<\/strong> Formulario de contacto no encontrado.<\/p><\/div>\n\t\t\t\t\t\t<\/div>\n\t\t\t\t<\/div>\n\t\t\t\t<div class=\"elementor-element elementor-element-190a80b4 elementor-widget elementor-widget-html\" data-id=\"190a80b4\" data-element_type=\"widget\" data-e-type=\"widget\" data-widget_type=\"html.default\">\n\t\t\t\t<div class=\"elementor-widget-container\">\n\t\t\t\t\t<script>document.addEventListener( 'wpcf7mailsent', function( event ) {\r\n    setTimeout( () => {\r\n        location = 'https:\/\/porcel.legal\/gracies\/';\r\n    }, 1600 );\r\n}, false );\r\n<\/script>\t\t\t\t<\/div>\n\t\t\t\t<\/div>\n\t\t\t\t<\/div>\n\t\t\t\t<\/div>\n\t\t<div class=\"elementor-element elementor-element-59bd25d2 e-con-full e-flex e-con e-child\" data-id=\"59bd25d2\" data-element_type=\"container\" data-e-type=\"container\" data-settings=\"{&quot;background_background&quot;:&quot;classic&quot;}\">\n\t\t\t\t<div class=\"elementor-element elementor-element-40113614 elementor-widget elementor-widget-spacer\" data-id=\"40113614\" data-element_type=\"widget\" data-e-type=\"widget\" data-widget_type=\"spacer.default\">\n\t\t\t\t<div class=\"elementor-widget-container\">\n\t\t\t\t\t\t\t<div class=\"elementor-spacer\">\n\t\t\t<div class=\"elementor-spacer-inner\"><\/div>\n\t\t<\/div>\n\t\t\t\t\t\t<\/div>\n\t\t\t\t<\/div>\n\t\t\t\t<\/div>\n\t\t\t\t<\/div>\n\t\t\t\t<\/div>\n\t\t","protected":false},"excerpt":{"rendered":"<p>Calle Hortal d&#8217;en Pou, 56, 17200 Palafrugell, Girona Pedir cita Inicio \/ Mediaci\u00f3n y Conciliaci\u00f3n en Asuntos de Familia Abogados para mediaci\u00f3n y Conciliaci\u00f3n en Asuntos de Familia en Girona Conciliaci\u00f3n y Resoluci\u00f3n de Conflictos Los asuntos de familia suelen ser especialmente sensibles, ya que las decisiones afectan a relaciones emocionales y familiares. La mediaci\u00f3n &#8230; <a title=\"Mediaci\u00f3n y Conciliaci\u00f3n en Asuntos de Familia\" class=\"read-more\" href=\"https:\/\/porcel.legal\/es\/abogados-mediacion-conciliacion-familiar-girona\/\" aria-label=\"Leer m\u00e1s sobre Mediaci\u00f3n y Conciliaci\u00f3n en Asuntos de Familia\">Leer m\u00e1s<\/a><\/p>\n","protected":false},"author":1,"featured_media":0,"parent":0,"menu_order":0,"comment_status":"closed","ping_status":"closed","template":"elementor_header_footer","meta":{"inline_featured_image":false,"footnotes":""},"class_list":["post-15848","page","type-page","status-publish"],"_links":{"self":[{"href":"https:\/\/porcel.legal\/es\/wp-json\/wp\/v2\/pages\/15848","targetHints":{"allow":["GET"]}}],"collection":[{"href":"https:\/\/porcel.legal\/es\/wp-json\/wp\/v2\/pages"}],"about":[{"href":"https:\/\/porcel.legal\/es\/wp-json\/wp\/v2\/types\/page"}],"author":[{"embeddable":true,"href":"https:\/\/porcel.legal\/es\/wp-json\/wp\/v2\/users\/1"}],"replies":[{"embeddable":true,"href":"https:\/\/porcel.legal\/es\/wp-json\/wp\/v2\/comments?post=15848"}],"version-history":[{"count":12,"href":"https:\/\/porcel.legal\/es\/wp-json\/wp\/v2\/pages\/15848\/revisions"}],"predecessor-version":[{"id":16622,"href":"https:\/\/porcel.legal\/es\/wp-json\/wp\/v2\/pages\/15848\/revisions\/16622"}],"wp:attachment":[{"href":"https:\/\/porcel.legal\/es\/wp-json\/wp\/v2\/media?parent=15848"}],"curies":[{"name":"wp","href":"https:\/\/api.w.org\/{rel}","templated":true}]}}