{"id":14206,"date":"2024-06-12T18:36:06","date_gmt":"2024-06-12T16:36:06","guid":{"rendered":"https:\/\/porcel.legal\/aviso-legal\/"},"modified":"2024-07-05T09:43:25","modified_gmt":"2024-07-05T07:43:25","slug":"aviso-legal","status":"publish","type":"page","link":"https:\/\/porcel.legal\/en\/aviso-legal\/","title":{"rendered":"Aviso Legal"},"content":{"rendered":"\t\t<div data-elementor-type=\"wp-page\" data-elementor-id=\"14206\" class=\"elementor elementor-14206 elementor-13748\" data-elementor-post-type=\"page\">\n\t\t\t\t<div class=\"elementor-element elementor-element-f84e484 e-flex e-con-boxed e-con e-parent\" data-id=\"f84e484\" data-element_type=\"container\" data-e-type=\"container\" data-settings=\"{&quot;background_background&quot;:&quot;classic&quot;}\">\n\t\t\t\t\t<div class=\"e-con-inner\">\n\t\t\t\t<div class=\"elementor-element elementor-element-3652ee3 elementor-widget elementor-widget-text-editor\" data-id=\"3652ee3\" data-element_type=\"widget\" data-e-type=\"widget\" data-widget_type=\"text-editor.default\">\n\t\t\t\t<div class=\"elementor-widget-container\">\n\t\t\t\t\t\t\t\t\t<h2>Aviso Legal<\/h2><p>La p\u00e1gina web\u00a0 pertenece a PORCEL ADVOCATS, S.L.P., inscrita en el Registro Mercantil de Girona, con domicilio en Hortal de&#8217;n Pou 56-58 Esc C Baixos, Palafrugell, 17200, Girona, direcci\u00f3n de correo electr\u00f3nico: lopd@porcel.legal y tel\u00e9fono de contacto: 972963413. Los servicios que se prestan a trav\u00e9s de esta web se realizan a trav\u00e9s de profesionales, Abogados, con el t\u00edtulo acad\u00e9mico de licenciados en derecho.<\/p><p>Yolanda Porcel Mart\u00ednez con n\u00famero de colegiada 2976 del ICAG<\/p><p>Las normas profesionales aplicables al ejercicio de la Abogac\u00eda est\u00e1n contenidas en el Estatuto General de la Abogac\u00eda Espa\u00f1ola, aprobado por el\u00a0<a href=\"https:\/\/www.iberley.es\/legislacion\/real-decreto-135-2021-2-mar-estatuto-general-abogacia-espanola-26821390?term=estatuto%20abogacia%20Real%20Decreto%20135\/2021,%20de%202%20de%20marzo%20(Bolet%C3%ADn%20Oficial%20del%20Estado%20n%C2%BA%2071%20de%2024%20de%20marzo%20de%202021&amp;noIndex\" rel=\"nofollow noopener\" target=\"_blank\">Real Decreto 135\/2021, de 2 de marzo (Bolet\u00edn Oficial del Estado n\u00ba 71 de 24 de marzo de 2021)<\/a>, donde puede ser consultado. Tambi\u00e9n puede serlo en Internet en la p\u00e1gina del Bolet\u00edn Oficial del Estado (http:\/\/www.boe.es\/) y alternativamente en la del Consejo General de la Abogac\u00eda Espa\u00f1ola (http:\/\/www.cge.es\/).<\/p><p>Tambi\u00e9n el C\u00f3digo Deontol\u00f3gico de la Abogac\u00eda Espa\u00f1ola. Aprobado por el Pleno del C.G.A.E. y que puede ser visualizado en su web <a href=\"https:\/\/www.abogacia.es\/wp-content\/uploads\/2012\/06\/CODIGO-DEONTOLOGICO.pdf\" rel=\"nofollow noopener\" target=\"_blank\">(http:\/\/www.cgae.es\/)<\/a>.<\/p><p>El propietario del dominio referenciado, le informa que la finalidad de la P\u00e1gina Web es publicitaria e informativa, asimismo, se ofrece la posibilidad de contactar o solicitar informaci\u00f3n m\u00e1s detallada de los servicios del despacho. Los datos personales que usted nos facilite quedar\u00e1n incorporados y ser\u00e1n tratados en los Registros de tratamiento del despacho, titularidad de PORCEL ADVOCATS, S.L.P. con la finalidad de poder gestionar su solicitud, as\u00ed como para mantenerle informado de futuras promociones, noticias y novedades relacionadas con la actividad v\u00eda correo electr\u00f3nico, fax, sms, o cualquier otro medio electr\u00f3nico o f\u00edsico, presente o futuro,\u00a0salvo\u00a0que no contemos con su consentimiento expreso a tal efecto. El Despacho se compromete a no ceder ni utilizar dichos datos m\u00e1s que para los fines para los que han sido recabados.<\/p>\t\t\t\t\t\t\t\t<\/div>\n\t\t\t\t<\/div>\n\t\t\t\t\t<\/div>\n\t\t\t\t<\/div>\n\t\t\t\t<\/div>\n\t\t","protected":false},"excerpt":{"rendered":"<p>Aviso Legal La p\u00e1gina web\u00a0 pertenece a PORCEL ADVOCATS, S.L.P., inscrita en el Registro Mercantil de Girona, con domicilio en Hortal de&#8217;n Pou 56-58 Esc C Baixos, Palafrugell, 17200, Girona, direcci\u00f3n de correo electr\u00f3nico: lopd@porcel.legal y tel\u00e9fono de contacto: 972963413. Los servicios que se prestan a trav\u00e9s de esta web se realizan a trav\u00e9s de &#8230; <a title=\"Aviso Legal\" class=\"read-more\" href=\"https:\/\/porcel.legal\/en\/aviso-legal\/\" aria-label=\"Read more about Aviso Legal\">Read more<\/a><\/p>\n","protected":false},"author":1,"featured_media":0,"parent":0,"menu_order":0,"comment_status":"closed","ping_status":"closed","template":"","meta":{"inline_featured_image":false,"footnotes":""},"class_list":["post-14206","page","type-page","status-publish"],"_links":{"self":[{"href":"https:\/\/porcel.legal\/en\/wp-json\/wp\/v2\/pages\/14206","targetHints":{"allow":["GET"]}}],"collection":[{"href":"https:\/\/porcel.legal\/en\/wp-json\/wp\/v2\/pages"}],"about":[{"href":"https:\/\/porcel.legal\/en\/wp-json\/wp\/v2\/types\/page"}],"author":[{"embeddable":true,"href":"https:\/\/porcel.legal\/en\/wp-json\/wp\/v2\/users\/1"}],"replies":[{"embeddable":true,"href":"https:\/\/porcel.legal\/en\/wp-json\/wp\/v2\/comments?post=14206"}],"version-history":[{"count":1,"href":"https:\/\/porcel.legal\/en\/wp-json\/wp\/v2\/pages\/14206\/revisions"}],"predecessor-version":[{"id":14624,"href":"https:\/\/porcel.legal\/en\/wp-json\/wp\/v2\/pages\/14206\/revisions\/14624"}],"wp:attachment":[{"href":"https:\/\/porcel.legal\/en\/wp-json\/wp\/v2\/media?parent=14206"}],"curies":[{"name":"wp","href":"https:\/\/api.w.org\/{rel}","templated":true}]}}